{"id":129,"date":"2020-11-09T13:44:35","date_gmt":"2020-11-09T13:44:35","guid":{"rendered":"http:\/\/personalresults.secorasystems.com\/?page_id=129"},"modified":"2020-11-10T08:03:52","modified_gmt":"2020-11-10T08:03:52","slug":"osaamiskartoitus","status":"publish","type":"page","link":"https:\/\/www.personalresults.fi\/index.php\/osaamiskartoitus\/","title":{"rendered":"Osaamiskartoitus"},"content":{"rendered":"\t\t<div data-elementor-type=\"wp-page\" data-elementor-id=\"129\" class=\"elementor elementor-129\" data-elementor-post-type=\"page\">\n\t\t\t\t\t\t<section class=\"elementor-section elementor-top-section elementor-element elementor-element-7b447593 elementor-section-height-min-height elementor-section-content-middle elementor-section-boxed elementor-section-height-default elementor-section-items-middle\" data-id=\"7b447593\" data-element_type=\"section\" data-settings=\"{&quot;background_background&quot;:&quot;classic&quot;}\">\n\t\t\t\t\t\t\t<div class=\"elementor-background-overlay\"><\/div>\n\t\t\t\t\t\t\t<div class=\"elementor-container elementor-column-gap-no\">\n\t\t\t\t\t<div class=\"elementor-column elementor-col-100 elementor-top-column elementor-element elementor-element-187f3ea3\" data-id=\"187f3ea3\" data-element_type=\"column\">\n\t\t\t<div class=\"elementor-widget-wrap elementor-element-populated\">\n\t\t\t\t\t\t<div class=\"elementor-element elementor-element-1230ba52 elementor-widget elementor-widget-heading\" data-id=\"1230ba52\" data-element_type=\"widget\" data-widget_type=\"heading.default\">\n\t\t\t\t<div class=\"elementor-widget-container\">\n\t\t\t\t\t<h2 class=\"elementor-heading-title elementor-size-default\">PRO-OSAAMISKARTOITUKSET<\/h2>\t\t\t\t<\/div>\n\t\t\t\t<\/div>\n\t\t\t\t<div class=\"elementor-element elementor-element-55685ed0 elementor-widget elementor-widget-heading\" data-id=\"55685ed0\" data-element_type=\"widget\" data-widget_type=\"heading.default\">\n\t\t\t\t<div class=\"elementor-widget-container\">\n\t\t\t\t\t<div class=\"elementor-heading-title elementor-size-default\">TUNNISTA YRITYKSESI OSAAMINEN<\/div>\t\t\t\t<\/div>\n\t\t\t\t<\/div>\n\t\t\t\t\t<\/div>\n\t\t<\/div>\n\t\t\t\t\t<\/div>\n\t\t<\/section>\n\t\t\t\t<section class=\"elementor-section elementor-top-section elementor-element elementor-element-399209e5 elementor-section-boxed elementor-section-height-default elementor-section-height-default\" data-id=\"399209e5\" data-element_type=\"section\">\n\t\t\t\t\t\t<div class=\"elementor-container elementor-column-gap-default\">\n\t\t\t\t\t<div class=\"elementor-column elementor-col-100 elementor-top-column elementor-element elementor-element-37416f78\" data-id=\"37416f78\" data-element_type=\"column\">\n\t\t\t<div class=\"elementor-widget-wrap elementor-element-populated\">\n\t\t\t\t\t\t<div class=\"elementor-element elementor-element-728fb796 elementor-widget elementor-widget-heading\" data-id=\"728fb796\" data-element_type=\"widget\" data-widget_type=\"heading.default\">\n\t\t\t\t<div class=\"elementor-widget-container\">\n\t\t\t\t\t<h2 class=\"elementor-heading-title elementor-size-default\">Kartoita yrityksesi osaaminen rekrytointien helpottamiseksi ja osaamisvajeen paikkaamiseksi.<\/h2>\t\t\t\t<\/div>\n\t\t\t\t<\/div>\n\t\t\t\t<div class=\"elementor-element elementor-element-1c8e990 elementor-widget elementor-widget-text-editor\" data-id=\"1c8e990\" data-element_type=\"widget\" data-widget_type=\"text-editor.default\">\n\t\t\t\t<div class=\"elementor-widget-container\">\n\t\t\t\t\t\t\t\t\t<div id=\"comp-kgrxibez\" class=\"txtNew\" data-packed=\"true\" data-vertical-text=\"false\"><p class=\"font_7\">Kartoituksen toteutus:<\/p><\/div>\t\t\t\t\t\t\t\t<\/div>\n\t\t\t\t<\/div>\n\t\t\t\t<section class=\"elementor-section elementor-inner-section elementor-element elementor-element-5c7259d2 elementor-section-boxed elementor-section-height-default elementor-section-height-default\" data-id=\"5c7259d2\" data-element_type=\"section\">\n\t\t\t\t\t\t<div class=\"elementor-container elementor-column-gap-default\">\n\t\t\t\t\t<div class=\"elementor-column elementor-col-33 elementor-inner-column elementor-element elementor-element-35aa9426\" data-id=\"35aa9426\" data-element_type=\"column\">\n\t\t\t<div class=\"elementor-widget-wrap elementor-element-populated\">\n\t\t\t\t\t\t<div class=\"elementor-element elementor-element-23ca76b5 elementor-widget elementor-widget-image\" data-id=\"23ca76b5\" data-element_type=\"widget\" data-widget_type=\"image.default\">\n\t\t\t\t<div class=\"elementor-widget-container\">\n\t\t\t\t\t\t\t\t\t\t\t\t\t\t\t<img fetchpriority=\"high\" decoding=\"async\" width=\"300\" height=\"300\" src=\"https:\/\/www.personalresults.fi\/wp-content\/uploads\/2020\/11\/list-2389219_1280.png\" class=\"attachment-medium size-medium wp-image-207\" alt=\"Lista\" \/>\t\t\t\t\t\t\t\t\t\t\t\t\t\t\t<\/div>\n\t\t\t\t<\/div>\n\t\t\t\t<div class=\"elementor-element elementor-element-2d0d914b elementor-widget elementor-widget-text-editor\" data-id=\"2d0d914b\" data-element_type=\"widget\" data-widget_type=\"text-editor.default\">\n\t\t\t\t<div class=\"elementor-widget-container\">\n\t\t\t\t\t\t\t\t\t<p class=\"font_7\">1. Digitaalisen kartoituslomakkeen aktivointi ja kysymyksiin vastaaminen<\/p>\t\t\t\t\t\t\t\t<\/div>\n\t\t\t\t<\/div>\n\t\t\t\t\t<\/div>\n\t\t<\/div>\n\t\t\t\t<div class=\"elementor-column elementor-col-33 elementor-inner-column elementor-element elementor-element-3124bdb4\" data-id=\"3124bdb4\" data-element_type=\"column\">\n\t\t\t<div class=\"elementor-widget-wrap elementor-element-populated\">\n\t\t\t\t\t\t<div class=\"elementor-element elementor-element-3d41198b elementor-widget elementor-widget-image\" data-id=\"3d41198b\" data-element_type=\"widget\" data-widget_type=\"image.default\">\n\t\t\t\t<div class=\"elementor-widget-container\">\n\t\t\t\t\t\t\t\t\t\t\t\t\t\t\t<img decoding=\"async\" width=\"300\" height=\"300\" src=\"https:\/\/www.personalresults.fi\/wp-content\/uploads\/2020\/11\/Muistilista-1.jpg\" class=\"attachment-medium size-medium wp-image-213\" alt=\"\" \/>\t\t\t\t\t\t\t\t\t\t\t\t\t\t\t<\/div>\n\t\t\t\t<\/div>\n\t\t\t\t<div class=\"elementor-element elementor-element-7f291b5 elementor-widget elementor-widget-text-editor\" data-id=\"7f291b5\" data-element_type=\"widget\" data-widget_type=\"text-editor.default\">\n\t\t\t\t<div class=\"elementor-widget-container\">\n\t\t\t\t\t\t\t\t\t<p>2. Esimiehen ja alaisen v\u00e4linen osaamiskeskustelu ja dokumentointi digitaaliselle lomakkeelle<\/p>\t\t\t\t\t\t\t\t<\/div>\n\t\t\t\t<\/div>\n\t\t\t\t\t<\/div>\n\t\t<\/div>\n\t\t\t\t<div class=\"elementor-column elementor-col-33 elementor-inner-column elementor-element elementor-element-7d2d6cc6\" data-id=\"7d2d6cc6\" data-element_type=\"column\">\n\t\t\t<div class=\"elementor-widget-wrap elementor-element-populated\">\n\t\t\t\t\t\t<div class=\"elementor-element elementor-element-38b830a9 elementor-widget elementor-widget-image\" data-id=\"38b830a9\" data-element_type=\"widget\" data-widget_type=\"image.default\">\n\t\t\t\t<div class=\"elementor-widget-container\">\n\t\t\t\t\t\t\t\t\t\t\t\t\t\t\t<img decoding=\"async\" width=\"300\" height=\"300\" src=\"https:\/\/www.personalresults.fi\/wp-content\/uploads\/2020\/11\/Palaute.jpg\" class=\"attachment-medium size-medium wp-image-211\" alt=\"\" \/>\t\t\t\t\t\t\t\t\t\t\t\t\t\t\t<\/div>\n\t\t\t\t<\/div>\n\t\t\t\t<div class=\"elementor-element elementor-element-4007c91a elementor-widget elementor-widget-text-editor\" data-id=\"4007c91a\" data-element_type=\"widget\" data-widget_type=\"text-editor.default\">\n\t\t\t\t<div class=\"elementor-widget-container\">\n\t\t\t\t\t\t\t\t\t<p>3. Palautekeskustelu, yhteinen hyv\u00e4ksynt\u00e4 j\u00e4rjestelm\u00e4ss\u00e4<\/p>\t\t\t\t\t\t\t\t<\/div>\n\t\t\t\t<\/div>\n\t\t\t\t\t<\/div>\n\t\t<\/div>\n\t\t\t\t\t<\/div>\n\t\t<\/section>\n\t\t\t\t<div class=\"elementor-element elementor-element-cef1222 elementor-widget elementor-widget-heading\" data-id=\"cef1222\" data-element_type=\"widget\" data-widget_type=\"heading.default\">\n\t\t\t\t<div class=\"elementor-widget-container\">\n\t\t\t\t\t<h2 class=\"elementor-heading-title elementor-size-default\">Kartoituksen raportointi ja analysointi:<\/h2>\t\t\t\t<\/div>\n\t\t\t\t<\/div>\n\t\t\t\t<section class=\"elementor-section elementor-inner-section elementor-element elementor-element-1936d222 elementor-section-boxed elementor-section-height-default elementor-section-height-default\" data-id=\"1936d222\" data-element_type=\"section\">\n\t\t\t\t\t\t<div class=\"elementor-container elementor-column-gap-default\">\n\t\t\t\t\t<div class=\"elementor-column elementor-col-100 elementor-inner-column elementor-element elementor-element-3018fa3\" data-id=\"3018fa3\" data-element_type=\"column\">\n\t\t\t<div class=\"elementor-widget-wrap elementor-element-populated\">\n\t\t\t\t\t\t<div class=\"elementor-element elementor-element-25f37670 elementor-widget elementor-widget-text-editor\" data-id=\"25f37670\" data-element_type=\"widget\" data-widget_type=\"text-editor.default\">\n\t\t\t\t<div class=\"elementor-widget-container\">\n\t\t\t\t\t\t\t\t\t<p>Kartoitettuja osaamissis\u00e4lt\u00f6j\u00e4 voit ohjelmiston raportointiosassa tarkastella sanallisten vastausten perusteella, mutta my\u00f6s esimerkiksi avainsanoilla hakemalla. Voit valita j\u00e4rjestelm\u00e4st\u00e4 mieleisesi raportit, analysoida tuloksia eri tunnuslukujen avulla ja kehitt\u00e4\u00e4 toimintaasi niiden perusteella.<\/p>\t\t\t\t\t\t\t\t<\/div>\n\t\t\t\t<\/div>\n\t\t\t\t\t<\/div>\n\t\t<\/div>\n\t\t\t\t\t<\/div>\n\t\t<\/section>\n\t\t\t\t\t<\/div>\n\t\t<\/div>\n\t\t\t\t\t<\/div>\n\t\t<\/section>\n\t\t\t\t<\/div>\n\t\t","protected":false},"excerpt":{"rendered":"<p>PRO-OSAAMISKARTOITUKSET TUNNISTA YRITYKSESI OSAAMINEN Kartoita yrityksesi osaaminen rekrytointien helpottamiseksi ja osaamisvajeen paikkaamiseksi. Kartoituksen toteutus: 1. Digitaalisen kartoituslomakkeen aktivointi ja kysymyksiin vastaaminen 2. Esimiehen ja alaisen v\u00e4linen osaamiskeskustelu ja dokumentointi digitaaliselle lomakkeelle 3. Palautekeskustelu, yhteinen hyv\u00e4ksynt\u00e4 j\u00e4rjestelm\u00e4ss\u00e4 Kartoituksen raportointi ja analysointi: Kartoitettuja osaamissis\u00e4lt\u00f6j\u00e4 voit ohjelmiston raportointiosassa tarkastella sanallisten vastausten perusteella, mutta my\u00f6s esimerkiksi avainsanoilla hakemalla. Voit [&hellip;]<\/p>\n","protected":false},"author":1,"featured_media":203,"parent":0,"menu_order":0,"comment_status":"closed","ping_status":"closed","template":"","meta":{"footnotes":""},"class_list":["post-129","page","type-page","status-publish","has-post-thumbnail","hentry"],"_links":{"self":[{"href":"https:\/\/www.personalresults.fi\/index.php\/wp-json\/wp\/v2\/pages\/129","targetHints":{"allow":["GET"]}}],"collection":[{"href":"https:\/\/www.personalresults.fi\/index.php\/wp-json\/wp\/v2\/pages"}],"about":[{"href":"https:\/\/www.personalresults.fi\/index.php\/wp-json\/wp\/v2\/types\/page"}],"author":[{"embeddable":true,"href":"https:\/\/www.personalresults.fi\/index.php\/wp-json\/wp\/v2\/users\/1"}],"replies":[{"embeddable":true,"href":"https:\/\/www.personalresults.fi\/index.php\/wp-json\/wp\/v2\/comments?post=129"}],"version-history":[{"count":25,"href":"https:\/\/www.personalresults.fi\/index.php\/wp-json\/wp\/v2\/pages\/129\/revisions"}],"predecessor-version":[{"id":234,"href":"https:\/\/www.personalresults.fi\/index.php\/wp-json\/wp\/v2\/pages\/129\/revisions\/234"}],"wp:featuredmedia":[{"embeddable":true,"href":"https:\/\/www.personalresults.fi\/index.php\/wp-json\/wp\/v2\/media\/203"}],"wp:attachment":[{"href":"https:\/\/www.personalresults.fi\/index.php\/wp-json\/wp\/v2\/media?parent=129"}],"curies":[{"name":"wp","href":"https:\/\/api.w.org\/{rel}","templated":true}]}}