{"id":146,"date":"2020-11-09T14:34:20","date_gmt":"2020-11-09T14:34:20","guid":{"rendered":"http:\/\/personalresults.secorasystems.com\/?page_id=146"},"modified":"2020-11-10T08:32:11","modified_gmt":"2020-11-10T08:32:11","slug":"hyvinvointikartoitus","status":"publish","type":"page","link":"https:\/\/www.personalresults.fi\/index.php\/hyvinvointikartoitus\/","title":{"rendered":"Hyvinvointikartoitus"},"content":{"rendered":"\t\t<div data-elementor-type=\"wp-page\" data-elementor-id=\"146\" class=\"elementor elementor-146\" data-elementor-post-type=\"page\">\n\t\t\t\t\t\t<section class=\"elementor-section elementor-top-section elementor-element elementor-element-23a37644 elementor-section-height-min-height elementor-section-content-middle elementor-section-boxed elementor-section-height-default elementor-section-items-middle\" data-id=\"23a37644\" data-element_type=\"section\" data-settings=\"{&quot;background_background&quot;:&quot;classic&quot;}\">\n\t\t\t\t\t\t\t<div class=\"elementor-background-overlay\"><\/div>\n\t\t\t\t\t\t\t<div class=\"elementor-container elementor-column-gap-no\">\n\t\t\t\t\t<div class=\"elementor-column elementor-col-100 elementor-top-column elementor-element elementor-element-38621115\" data-id=\"38621115\" data-element_type=\"column\">\n\t\t\t<div class=\"elementor-widget-wrap elementor-element-populated\">\n\t\t\t\t\t\t<div class=\"elementor-element elementor-element-32e78370 elementor-widget elementor-widget-heading\" data-id=\"32e78370\" data-element_type=\"widget\" data-widget_type=\"heading.default\">\n\t\t\t\t<div class=\"elementor-widget-container\">\n\t\t\t\t\t<h2 class=\"elementor-heading-title elementor-size-default\">KARTOITA YRITYKSESI HYVINVOINTI<\/h2>\t\t\t\t<\/div>\n\t\t\t\t<\/div>\n\t\t\t\t<div class=\"elementor-element elementor-element-6094791b elementor-widget elementor-widget-heading\" data-id=\"6094791b\" data-element_type=\"widget\" data-widget_type=\"heading.default\">\n\t\t\t\t<div class=\"elementor-widget-container\">\n\t\t\t\t\t<div class=\"elementor-heading-title elementor-size-default\">TUOTTAVUUTTA MOTIVOITUNEEN HENKIL\u00d6ST\u00d6N AVULLA<\/div>\t\t\t\t<\/div>\n\t\t\t\t<\/div>\n\t\t\t\t\t<\/div>\n\t\t<\/div>\n\t\t\t\t\t<\/div>\n\t\t<\/section>\n\t\t\t\t<section class=\"elementor-section elementor-top-section elementor-element elementor-element-51eecb1 elementor-section-boxed elementor-section-height-default elementor-section-height-default\" data-id=\"51eecb1\" data-element_type=\"section\">\n\t\t\t\t\t\t<div class=\"elementor-container elementor-column-gap-default\">\n\t\t\t\t\t<div class=\"elementor-column elementor-col-100 elementor-top-column elementor-element elementor-element-b663795\" data-id=\"b663795\" data-element_type=\"column\">\n\t\t\t<div class=\"elementor-widget-wrap elementor-element-populated\">\n\t\t\t\t\t\t<div class=\"elementor-element elementor-element-29a1bd9 elementor-widget elementor-widget-heading\" data-id=\"29a1bd9\" data-element_type=\"widget\" data-widget_type=\"heading.default\">\n\t\t\t\t<div class=\"elementor-widget-container\">\n\t\t\t\t\t<h2 class=\"elementor-heading-title elementor-size-default\">Palvelumme on luonnollinen osa henkil\u00f6st\u00f6n hyvinvoinnin varmistamista, strategisen johtamisen vahvistamista ja liiketoiminnan kehitt\u00e4mist\u00e4.<\/h2>\t\t\t\t<\/div>\n\t\t\t\t<\/div>\n\t\t\t\t<div class=\"elementor-element elementor-element-b9722e4 elementor-widget elementor-widget-text-editor\" data-id=\"b9722e4\" data-element_type=\"widget\" data-widget_type=\"text-editor.default\">\n\t\t\t\t<div class=\"elementor-widget-container\">\n\t\t\t\t\t\t\t\t\t<p class=\"font_7\">Ty\u00f6hyvinvointi koostuu monesta tekij\u00e4st\u00e4: toimivasta ty\u00f6ymp\u00e4rist\u00f6st\u00e4 ja vuorovaikutuksesta, tasapuolisesta ja osallistavasta toiminnasta, mahdollisuudesta vaikuttaa omaan ty\u00f6h\u00f6ns\u00e4. Hyvinvointia tulee mitata s\u00e4\u00e4nn\u00f6llisesti, sill\u00e4 erilaiset yritykseen ja ty\u00f6skentely-ymp\u00e4rist\u00f6\u00f6n muutosta aiheuttavat tekij\u00e4t vaikuttavat my\u00f6s ty\u00f6hyvinvointiin. My\u00f6s yksitt\u00e4isen ty\u00f6ntekij\u00e4n kohtaavat haasteet saattavat j\u00e4\u00e4d\u00e4 huomioimatta ilman jatkuvaa ty\u00f6ilmapiirin seurantaa.<\/p><p class=\"font_7\">Voit valita hyvinvointikartoitustasi varten valmiin alustan, jonka avulla voit seurata muuttuvia tekij\u00f6it\u00e4. Autamme my\u00f6s r\u00e4\u00e4t\u00e4l\u00f6im\u00e4\u00e4n juuri sinun yritykseesi sopivan kartoituksen, jolloin voit seurata kohdistetusti omaa yrityst\u00e4si kiinnostavia hyvinvointitekij\u00f6it\u00e4.<\/p><p class=\"font_7\">Raportoinnissa voit valita yrityksellesi sopivimman tai k\u00e4ytt\u00e4\u00e4 useita raportteja analyysisi pohjaksi. Avainsanat kertovat tiettyjen asioiden toistumisen vastauksissa ja auttavat kehitt\u00e4m\u00e4\u00e4n ty\u00f6ilmapiiri\u00e4 ja -hyvinvointia.<\/p>\t\t\t\t\t\t\t\t<\/div>\n\t\t\t\t<\/div>\n\t\t\t\t\t<\/div>\n\t\t<\/div>\n\t\t\t\t\t<\/div>\n\t\t<\/section>\n\t\t\t\t<\/div>\n\t\t","protected":false},"excerpt":{"rendered":"<p>KARTOITA YRITYKSESI HYVINVOINTI TUOTTAVUUTTA MOTIVOITUNEEN HENKIL\u00d6ST\u00d6N AVULLA Palvelumme on luonnollinen osa henkil\u00f6st\u00f6n hyvinvoinnin varmistamista, strategisen johtamisen vahvistamista ja liiketoiminnan kehitt\u00e4mist\u00e4. Ty\u00f6hyvinvointi koostuu monesta tekij\u00e4st\u00e4: toimivasta ty\u00f6ymp\u00e4rist\u00f6st\u00e4 ja vuorovaikutuksesta, tasapuolisesta ja osallistavasta toiminnasta, mahdollisuudesta vaikuttaa omaan ty\u00f6h\u00f6ns\u00e4. Hyvinvointia tulee mitata s\u00e4\u00e4nn\u00f6llisesti, sill\u00e4 erilaiset yritykseen ja ty\u00f6skentely-ymp\u00e4rist\u00f6\u00f6n muutosta aiheuttavat tekij\u00e4t vaikuttavat my\u00f6s ty\u00f6hyvinvointiin. My\u00f6s yksitt\u00e4isen ty\u00f6ntekij\u00e4n kohtaavat [&hellip;]<\/p>\n","protected":false},"author":1,"featured_media":0,"parent":0,"menu_order":0,"comment_status":"closed","ping_status":"closed","template":"","meta":{"footnotes":""},"class_list":["post-146","page","type-page","status-publish","hentry"],"_links":{"self":[{"href":"https:\/\/www.personalresults.fi\/index.php\/wp-json\/wp\/v2\/pages\/146","targetHints":{"allow":["GET"]}}],"collection":[{"href":"https:\/\/www.personalresults.fi\/index.php\/wp-json\/wp\/v2\/pages"}],"about":[{"href":"https:\/\/www.personalresults.fi\/index.php\/wp-json\/wp\/v2\/types\/page"}],"author":[{"embeddable":true,"href":"https:\/\/www.personalresults.fi\/index.php\/wp-json\/wp\/v2\/users\/1"}],"replies":[{"embeddable":true,"href":"https:\/\/www.personalresults.fi\/index.php\/wp-json\/wp\/v2\/comments?post=146"}],"version-history":[{"count":13,"href":"https:\/\/www.personalresults.fi\/index.php\/wp-json\/wp\/v2\/pages\/146\/revisions"}],"predecessor-version":[{"id":266,"href":"https:\/\/www.personalresults.fi\/index.php\/wp-json\/wp\/v2\/pages\/146\/revisions\/266"}],"wp:attachment":[{"href":"https:\/\/www.personalresults.fi\/index.php\/wp-json\/wp\/v2\/media?parent=146"}],"curies":[{"name":"wp","href":"https:\/\/api.w.org\/{rel}","templated":true}]}}