{"id":154,"date":"2020-11-09T14:41:41","date_gmt":"2020-11-09T14:41:41","guid":{"rendered":"http:\/\/personalresults.secorasystems.com\/?page_id=154"},"modified":"2020-11-10T08:01:59","modified_gmt":"2020-11-10T08:01:59","slug":"palautteenanto","status":"publish","type":"page","link":"https:\/\/www.personalresults.fi\/index.php\/palautteenanto\/","title":{"rendered":"Palautteenanto"},"content":{"rendered":"\t\t<div data-elementor-type=\"wp-page\" data-elementor-id=\"154\" class=\"elementor elementor-154\" data-elementor-post-type=\"page\">\n\t\t\t\t\t\t<section class=\"elementor-section elementor-top-section elementor-element elementor-element-57ff893a elementor-section-height-min-height elementor-section-content-middle elementor-section-boxed elementor-section-height-default elementor-section-items-middle\" data-id=\"57ff893a\" data-element_type=\"section\" data-settings=\"{&quot;background_background&quot;:&quot;classic&quot;}\">\n\t\t\t\t\t\t\t<div class=\"elementor-background-overlay\"><\/div>\n\t\t\t\t\t\t\t<div class=\"elementor-container elementor-column-gap-no\">\n\t\t\t\t\t<div class=\"elementor-column elementor-col-100 elementor-top-column elementor-element elementor-element-45716730\" data-id=\"45716730\" data-element_type=\"column\">\n\t\t\t<div class=\"elementor-widget-wrap elementor-element-populated\">\n\t\t\t\t\t\t<div class=\"elementor-element elementor-element-1c1731fa elementor-widget elementor-widget-heading\" data-id=\"1c1731fa\" data-element_type=\"widget\" data-widget_type=\"heading.default\">\n\t\t\t\t<div class=\"elementor-widget-container\">\n\t\t\t\t\t<h2 class=\"elementor-heading-title elementor-size-default\">JATKUVA PALAUTTEENANTO<\/h2>\t\t\t\t<\/div>\n\t\t\t\t<\/div>\n\t\t\t\t<div class=\"elementor-element elementor-element-7818802b elementor-widget elementor-widget-heading\" data-id=\"7818802b\" data-element_type=\"widget\" data-widget_type=\"heading.default\">\n\t\t\t\t<div class=\"elementor-widget-container\">\n\t\t\t\t\t<div class=\"elementor-heading-title elementor-size-default\">TY\u00d6SS\u00c4JAKSAMISTA JA TUOTTAVUUTTA<\/div>\t\t\t\t<\/div>\n\t\t\t\t<\/div>\n\t\t\t\t\t<\/div>\n\t\t<\/div>\n\t\t\t\t\t<\/div>\n\t\t<\/section>\n\t\t\t\t<section class=\"elementor-section elementor-top-section elementor-element elementor-element-a184109 elementor-section-boxed elementor-section-height-default elementor-section-height-default\" data-id=\"a184109\" data-element_type=\"section\">\n\t\t\t\t\t\t<div class=\"elementor-container elementor-column-gap-default\">\n\t\t\t\t\t<div class=\"elementor-column elementor-col-100 elementor-top-column elementor-element elementor-element-d7a8ef8\" data-id=\"d7a8ef8\" data-element_type=\"column\">\n\t\t\t<div class=\"elementor-widget-wrap elementor-element-populated\">\n\t\t\t\t\t\t<div class=\"elementor-element elementor-element-f9382b1 elementor-widget elementor-widget-heading\" data-id=\"f9382b1\" data-element_type=\"widget\" data-widget_type=\"heading.default\">\n\t\t\t\t<div class=\"elementor-widget-container\">\n\t\t\t\t\t<h2 class=\"elementor-heading-title elementor-size-default\">PRO-ohjelmistomme avulla voit ker\u00e4t\u00e4 jatkuvaa palautetta arjen ty\u00f6h\u00f6n, projektiin tai ty\u00f6paikan ilmapiiriin liittyen.<\/h2>\t\t\t\t<\/div>\n\t\t\t\t<\/div>\n\t\t\t\t<div class=\"elementor-element elementor-element-ff46eba elementor-widget elementor-widget-text-editor\" data-id=\"ff46eba\" data-element_type=\"widget\" data-widget_type=\"text-editor.default\">\n\t\t\t\t<div class=\"elementor-widget-container\">\n\t\t\t\t\t\t\t\t\t<p>Ker\u00e4\u00e4m\u00e4ll\u00e4 s\u00e4\u00e4nn\u00f6llisesti palautetta voit seurata henkil\u00f6st\u00f6n n\u00e4kemyksi\u00e4 ja kehitt\u00e4\u00e4 toimintaasi. Voit k\u00e4ytt\u00e4\u00e4 valmiita palautelomakkeitamme tai luoda lomakkeen itse juuri tiettyyn tarpeeseen. Palautteen antaminen on k\u00e4ytt\u00e4jille helppoa, eik\u00e4 se vaadi erillist\u00e4 ohjausta. Esimies voi seurata henkil\u00f6st\u00f6ns\u00e4 palautteita ohjelmiston antamien raporttien perusteella tai yksil\u00f6kohtaisesti sanallisina palautteina.<\/p><p>\u200b<\/p>\t\t\t\t\t\t\t\t<\/div>\n\t\t\t\t<\/div>\n\t\t\t\t\t<\/div>\n\t\t<\/div>\n\t\t\t\t\t<\/div>\n\t\t<\/section>\n\t\t\t\t<\/div>\n\t\t","protected":false},"excerpt":{"rendered":"<p>JATKUVA PALAUTTEENANTO TY\u00d6SS\u00c4JAKSAMISTA JA TUOTTAVUUTTA PRO-ohjelmistomme avulla voit ker\u00e4t\u00e4 jatkuvaa palautetta arjen ty\u00f6h\u00f6n, projektiin tai ty\u00f6paikan ilmapiiriin liittyen. Ker\u00e4\u00e4m\u00e4ll\u00e4 s\u00e4\u00e4nn\u00f6llisesti palautetta voit seurata henkil\u00f6st\u00f6n n\u00e4kemyksi\u00e4 ja kehitt\u00e4\u00e4 toimintaasi. Voit k\u00e4ytt\u00e4\u00e4 valmiita palautelomakkeitamme tai luoda lomakkeen itse juuri tiettyyn tarpeeseen. Palautteen antaminen on k\u00e4ytt\u00e4jille helppoa, eik\u00e4 se vaadi erillist\u00e4 ohjausta. Esimies voi seurata henkil\u00f6st\u00f6ns\u00e4 palautteita ohjelmiston [&hellip;]<\/p>\n","protected":false},"author":1,"featured_media":224,"parent":0,"menu_order":0,"comment_status":"closed","ping_status":"closed","template":"","meta":{"footnotes":""},"class_list":["post-154","page","type-page","status-publish","has-post-thumbnail","hentry"],"_links":{"self":[{"href":"https:\/\/www.personalresults.fi\/index.php\/wp-json\/wp\/v2\/pages\/154","targetHints":{"allow":["GET"]}}],"collection":[{"href":"https:\/\/www.personalresults.fi\/index.php\/wp-json\/wp\/v2\/pages"}],"about":[{"href":"https:\/\/www.personalresults.fi\/index.php\/wp-json\/wp\/v2\/types\/page"}],"author":[{"embeddable":true,"href":"https:\/\/www.personalresults.fi\/index.php\/wp-json\/wp\/v2\/users\/1"}],"replies":[{"embeddable":true,"href":"https:\/\/www.personalresults.fi\/index.php\/wp-json\/wp\/v2\/comments?post=154"}],"version-history":[{"count":10,"href":"https:\/\/www.personalresults.fi\/index.php\/wp-json\/wp\/v2\/pages\/154\/revisions"}],"predecessor-version":[{"id":231,"href":"https:\/\/www.personalresults.fi\/index.php\/wp-json\/wp\/v2\/pages\/154\/revisions\/231"}],"wp:featuredmedia":[{"embeddable":true,"href":"https:\/\/www.personalresults.fi\/index.php\/wp-json\/wp\/v2\/media\/224"}],"wp:attachment":[{"href":"https:\/\/www.personalresults.fi\/index.php\/wp-json\/wp\/v2\/media?parent=154"}],"curies":[{"name":"wp","href":"https:\/\/api.w.org\/{rel}","templated":true}]}}