{"id":159,"date":"2020-11-09T14:43:48","date_gmt":"2020-11-09T14:43:48","guid":{"rendered":"http:\/\/personalresults.secorasystems.com\/?page_id=159"},"modified":"2020-11-10T08:29:22","modified_gmt":"2020-11-10T08:29:22","slug":"yrityksesta","status":"publish","type":"page","link":"https:\/\/www.personalresults.fi\/index.php\/yrityksesta\/","title":{"rendered":"Yrityksest\u00e4"},"content":{"rendered":"\t\t<div data-elementor-type=\"wp-page\" data-elementor-id=\"159\" class=\"elementor elementor-159\" data-elementor-post-type=\"page\">\n\t\t\t\t\t\t<section class=\"elementor-section elementor-top-section elementor-element elementor-element-7f636229 elementor-section-height-min-height elementor-section-content-middle elementor-section-boxed elementor-section-height-default elementor-section-items-middle\" data-id=\"7f636229\" data-element_type=\"section\" data-settings=\"{&quot;background_background&quot;:&quot;classic&quot;}\">\n\t\t\t\t\t\t\t<div class=\"elementor-background-overlay\"><\/div>\n\t\t\t\t\t\t\t<div class=\"elementor-container elementor-column-gap-no\">\n\t\t\t\t\t<div class=\"elementor-column elementor-col-100 elementor-top-column elementor-element elementor-element-2e48ed0e\" data-id=\"2e48ed0e\" data-element_type=\"column\">\n\t\t\t<div class=\"elementor-widget-wrap elementor-element-populated\">\n\t\t\t\t\t\t<div class=\"elementor-element elementor-element-6fac15e elementor-widget elementor-widget-heading\" data-id=\"6fac15e\" data-element_type=\"widget\" data-widget_type=\"heading.default\">\n\t\t\t\t<div class=\"elementor-widget-container\">\n\t\t\t\t\t<h2 class=\"elementor-heading-title elementor-size-default\">Personal Results Oy<\/h2>\t\t\t\t<\/div>\n\t\t\t\t<\/div>\n\t\t\t\t<div class=\"elementor-element elementor-element-31941489 elementor-widget elementor-widget-heading\" data-id=\"31941489\" data-element_type=\"widget\" data-widget_type=\"heading.default\">\n\t\t\t\t<div class=\"elementor-widget-container\">\n\t\t\t\t\t<div class=\"elementor-heading-title elementor-size-default\">TY\u00d6SS\u00c4JAKSAMISTA JA TUOTTAVUUTTA<\/div>\t\t\t\t<\/div>\n\t\t\t\t<\/div>\n\t\t\t\t\t<\/div>\n\t\t<\/div>\n\t\t\t\t\t<\/div>\n\t\t<\/section>\n\t\t\t\t<section class=\"elementor-section elementor-top-section elementor-element elementor-element-1b90617 elementor-section-boxed elementor-section-height-default elementor-section-height-default\" data-id=\"1b90617\" data-element_type=\"section\">\n\t\t\t\t\t\t<div class=\"elementor-container elementor-column-gap-default\">\n\t\t\t\t\t<div class=\"elementor-column elementor-col-100 elementor-top-column elementor-element elementor-element-0b4500e\" data-id=\"0b4500e\" data-element_type=\"column\">\n\t\t\t<div class=\"elementor-widget-wrap elementor-element-populated\">\n\t\t\t\t\t\t<div class=\"elementor-element elementor-element-f3999bc elementor-widget elementor-widget-heading\" data-id=\"f3999bc\" data-element_type=\"widget\" data-widget_type=\"heading.default\">\n\t\t\t\t<div class=\"elementor-widget-container\">\n\t\t\t\t\t<h2 class=\"elementor-heading-title elementor-size-default\">Tarjoamme asiakkaillemme helppok\u00e4ytt\u00f6isen verkkopalvelun, jonka avulla voi parantaa ty\u00f6yhteis\u00f6jen tuottavuutta ja hyvinvointia.<\/h2>\t\t\t\t<\/div>\n\t\t\t\t<\/div>\n\t\t\t\t<div class=\"elementor-element elementor-element-250e93b elementor-widget elementor-widget-text-editor\" data-id=\"250e93b\" data-element_type=\"widget\" data-widget_type=\"text-editor.default\">\n\t\t\t\t<div class=\"elementor-widget-container\">\n\t\t\t\t\t\t\t\t\t<p>Olemme yritysten ja yhteis\u00f6jen sis\u00e4isen tiedon hy\u00f6dynt\u00e4miseen erikoistunut yritys. Keskitymme henkil\u00f6st\u00f6n ty\u00f6h\u00f6n liittyv\u00e4n osaamisen ja kehitt\u00e4misen kannalta olennaisen tiedon esille nostamiseen ja hy\u00f6dynt\u00e4miseen. Vahvistamme yhteis\u00f6n sis\u00e4ist\u00e4 toimintakyky\u00e4 ja eheytt\u00e4 ulkoisten paineiden keskell\u00e4.<\/p><p>Web-pohjainen PRO-ohjelmistomme on SaaS-palvelu, joka yhdist\u00e4\u00e4 tehokkaan johtamisen ja henkil\u00f6st\u00f6n hyvinvoinnin. Sen avulla on helppo kehitt\u00e4\u00e4 koko organisaation toimintaa. Ohjelmiston avulla luot jatkuvan, esimiest\u00e4 ja alaista hy\u00f6dynt\u00e4v\u00e4n dialogin esimiehen ja alaisen v\u00e4lille.<\/p><p>Lis\u00e4\u00e4mme toimijoiden v\u00e4list\u00e4 luottamusta avoimuuden ja l\u00e4pin\u00e4kyvyyden avulla. Luottamuksen rakentaminen auttaa parantamaan tuottavuutta henkil\u00f6st\u00f6n sitoutuneisuuden ja motivaation ansiosta. Palvelumme perustuu ihmisten kunnioittamiseen, kuulemiseen ja osallistamiseen m\u00e4\u00e4r\u00e4muotoisten dialogien avulla.<\/p>\t\t\t\t\t\t\t\t<\/div>\n\t\t\t\t<\/div>\n\t\t\t\t\t<\/div>\n\t\t<\/div>\n\t\t\t\t\t<\/div>\n\t\t<\/section>\n\t\t\t\t<\/div>\n\t\t","protected":false},"excerpt":{"rendered":"<p>Personal Results Oy TY\u00d6SS\u00c4JAKSAMISTA JA TUOTTAVUUTTA Tarjoamme asiakkaillemme helppok\u00e4ytt\u00f6isen verkkopalvelun, jonka avulla voi parantaa ty\u00f6yhteis\u00f6jen tuottavuutta ja hyvinvointia. Olemme yritysten ja yhteis\u00f6jen sis\u00e4isen tiedon hy\u00f6dynt\u00e4miseen erikoistunut yritys. Keskitymme henkil\u00f6st\u00f6n ty\u00f6h\u00f6n liittyv\u00e4n osaamisen ja kehitt\u00e4misen kannalta olennaisen tiedon esille nostamiseen ja hy\u00f6dynt\u00e4miseen. Vahvistamme yhteis\u00f6n sis\u00e4ist\u00e4 toimintakyky\u00e4 ja eheytt\u00e4 ulkoisten paineiden keskell\u00e4. Web-pohjainen PRO-ohjelmistomme on SaaS-palvelu, joka [&hellip;]<\/p>\n","protected":false},"author":1,"featured_media":0,"parent":0,"menu_order":0,"comment_status":"closed","ping_status":"closed","template":"","meta":{"footnotes":""},"class_list":["post-159","page","type-page","status-publish","hentry"],"_links":{"self":[{"href":"https:\/\/www.personalresults.fi\/index.php\/wp-json\/wp\/v2\/pages\/159","targetHints":{"allow":["GET"]}}],"collection":[{"href":"https:\/\/www.personalresults.fi\/index.php\/wp-json\/wp\/v2\/pages"}],"about":[{"href":"https:\/\/www.personalresults.fi\/index.php\/wp-json\/wp\/v2\/types\/page"}],"author":[{"embeddable":true,"href":"https:\/\/www.personalresults.fi\/index.php\/wp-json\/wp\/v2\/users\/1"}],"replies":[{"embeddable":true,"href":"https:\/\/www.personalresults.fi\/index.php\/wp-json\/wp\/v2\/comments?post=159"}],"version-history":[{"count":19,"href":"https:\/\/www.personalresults.fi\/index.php\/wp-json\/wp\/v2\/pages\/159\/revisions"}],"predecessor-version":[{"id":263,"href":"https:\/\/www.personalresults.fi\/index.php\/wp-json\/wp\/v2\/pages\/159\/revisions\/263"}],"wp:attachment":[{"href":"https:\/\/www.personalresults.fi\/index.php\/wp-json\/wp\/v2\/media?parent=159"}],"curies":[{"name":"wp","href":"https:\/\/api.w.org\/{rel}","templated":true}]}}