{"id":22,"date":"2020-11-09T12:11:56","date_gmt":"2020-11-09T12:11:56","guid":{"rendered":"http:\/\/personalresults.secorasystems.com\/?page_id=22"},"modified":"2020-11-10T08:33:36","modified_gmt":"2020-11-10T08:33:36","slug":"palvelut","status":"publish","type":"page","link":"https:\/\/www.personalresults.fi\/index.php\/palvelut\/","title":{"rendered":"Palvelut"},"content":{"rendered":"\t\t<div data-elementor-type=\"wp-page\" data-elementor-id=\"22\" class=\"elementor elementor-22\" data-elementor-post-type=\"page\">\n\t\t\t\t\t\t<section class=\"elementor-section elementor-top-section elementor-element elementor-element-3abd8eab elementor-section-height-min-height elementor-section-content-middle elementor-section-boxed elementor-section-height-default elementor-section-items-middle\" data-id=\"3abd8eab\" data-element_type=\"section\" data-settings=\"{&quot;background_background&quot;:&quot;classic&quot;}\">\n\t\t\t\t\t\t\t<div class=\"elementor-background-overlay\"><\/div>\n\t\t\t\t\t\t\t<div class=\"elementor-container elementor-column-gap-no\">\n\t\t\t\t\t<div class=\"elementor-column elementor-col-100 elementor-top-column elementor-element elementor-element-4de6ed8f\" data-id=\"4de6ed8f\" data-element_type=\"column\">\n\t\t\t<div class=\"elementor-widget-wrap elementor-element-populated\">\n\t\t\t\t\t\t<div class=\"elementor-element elementor-element-11ff25f elementor-widget elementor-widget-heading\" data-id=\"11ff25f\" data-element_type=\"widget\" data-widget_type=\"heading.default\">\n\t\t\t\t<div class=\"elementor-widget-container\">\n\t\t\t\t\t<h2 class=\"elementor-heading-title elementor-size-default\">VALMIIT JOHTAMISALUSTAT<\/h2>\t\t\t\t<\/div>\n\t\t\t\t<\/div>\n\t\t\t\t<div class=\"elementor-element elementor-element-28bc3153 elementor-widget elementor-widget-heading\" data-id=\"28bc3153\" data-element_type=\"widget\" data-widget_type=\"heading.default\">\n\t\t\t\t<div class=\"elementor-widget-container\">\n\t\t\t\t\t<div class=\"elementor-heading-title elementor-size-default\">DIGITAALISET KARTOITUSPOHJAT<\/div>\t\t\t\t<\/div>\n\t\t\t\t<\/div>\n\t\t\t\t\t<\/div>\n\t\t<\/div>\n\t\t\t\t\t<\/div>\n\t\t<\/section>\n\t\t\t\t<section class=\"elementor-section elementor-top-section elementor-element elementor-element-558d2a88 elementor-section-content-middle elementor-section-boxed elementor-section-height-default elementor-section-height-default\" data-id=\"558d2a88\" data-element_type=\"section\">\n\t\t\t\t\t\t<div class=\"elementor-container elementor-column-gap-no\">\n\t\t\t\t\t<div class=\"elementor-column elementor-col-100 elementor-top-column elementor-element elementor-element-171baf1d\" data-id=\"171baf1d\" data-element_type=\"column\">\n\t\t\t<div class=\"elementor-widget-wrap elementor-element-populated\">\n\t\t\t\t\t\t<div class=\"elementor-element elementor-element-200dc69c elementor-widget elementor-widget-heading\" data-id=\"200dc69c\" data-element_type=\"widget\" data-widget_type=\"heading.default\">\n\t\t\t\t<div class=\"elementor-widget-container\">\n\t\t\t\t\t<h5 class=\"elementor-heading-title elementor-size-default\">PRO-Ohjelmiston avulla luot jatkuvan dialogin osaksi p\u00e4ivitt\u00e4ist\u00e4 ty\u00f6skentely\u00e4 ja parannat ty\u00f6hyvinvointia.<\/h5>\t\t\t\t<\/div>\n\t\t\t\t<\/div>\n\t\t\t\t<div class=\"elementor-element elementor-element-278778f8 elementor-widget elementor-widget-text-editor\" data-id=\"278778f8\" data-element_type=\"widget\" data-widget_type=\"text-editor.default\">\n\t\t\t\t<div class=\"elementor-widget-container\">\n\t\t\t\t\t\t\t\t\t<p class=\"font_8\">Tarjoamme valmiit johtamisalustat vuorovaikutuksen edist\u00e4miseksi organisaation kaikilla tasoilla. Ohjelmiston avulla tavoitteiden seuranta, suoritusten arviointi ja yksitt\u00e4isten kehitysideoiden tallentaminen tapahtuu nopeasti ja niiden analysointi on vaivatonta suoraan j\u00e4rjestelm\u00e4ss\u00e4. Palvelu soveltuu kaikille yrityksille ja yhteis\u00f6ille.<\/p><p class=\"font_8\">Ohjelmistomme luo verkkopalvelukonseptin kehitt\u00e4miskohteiden esille nostamiseen ja ratkaisemiseen. Konsepti tarjoaa ty\u00f6yhteis\u00f6ille helppok\u00e4ytt\u00f6isell\u00e4 tavalla mahdollisuuden l\u00f6yt\u00e4\u00e4 haasteet sek\u00e4 v\u00e4lineet, toimintamallit ja prosessit niin p\u00e4iv\u00e4npolttavien kuin strategisten johtamis- tai kehitt\u00e4mishaasteiden ratkaisemiseen.<\/p><p class=\"font_8\">\u00a0<\/p><p class=\"font_8\">Ohjelman avulla eteneminen tapahtuu vuorovaikutteisesti ja ymm\u00e4rryst\u00e4 lis\u00e4\u00e4v\u00e4sti sek\u00e4 yrityksen kirjoituskulttuuria nostaen.<\/p>\t\t\t\t\t\t\t\t<\/div>\n\t\t\t\t<\/div>\n\t\t\t\t<section class=\"elementor-section elementor-inner-section elementor-element elementor-element-3f078ea elementor-section-boxed elementor-section-height-default elementor-section-height-default\" data-id=\"3f078ea\" data-element_type=\"section\">\n\t\t\t\t\t\t<div class=\"elementor-container elementor-column-gap-default\">\n\t\t\t\t\t<div class=\"elementor-column elementor-col-50 elementor-inner-column elementor-element elementor-element-503887e\" data-id=\"503887e\" data-element_type=\"column\">\n\t\t\t<div class=\"elementor-widget-wrap elementor-element-populated\">\n\t\t\t\t\t\t<div class=\"elementor-element elementor-element-625b6a0 elementor-widget elementor-widget-text-editor\" data-id=\"625b6a0\" data-element_type=\"widget\" data-widget_type=\"text-editor.default\">\n\t\t\t\t<div class=\"elementor-widget-container\">\n\t\t\t\t\t\t\t\t\t<p class=\"font_7\"><strong>\u00a0<\/strong><\/p><p class=\"font_7\"><strong>PRO-Ohjelmiston avulla voit kehitt\u00e4\u00e4 yrityksess\u00e4si<\/strong><\/p><ul class=\"font_8\"><li><p class=\"font_8\">johtamista ja vuorovaikutusta<\/p><\/li><li><p class=\"font_8\">uusia kompetensseja ja oppimista<\/p><\/li><li><p class=\"font_8\">jatkuvia seurannan menetelmi\u00e4<\/p><\/li><li><p class=\"font_8\">toimintamalleja<\/p><\/li><li><p class=\"font_8\">yhteistoimintaa<\/p><\/li><li><p class=\"font_8\">osallistamista ja hyvinvointia<\/p><\/li><\/ul>\t\t\t\t\t\t\t\t<\/div>\n\t\t\t\t<\/div>\n\t\t\t\t\t<\/div>\n\t\t<\/div>\n\t\t\t\t<div class=\"elementor-column elementor-col-50 elementor-inner-column elementor-element elementor-element-8f3a7bc\" data-id=\"8f3a7bc\" data-element_type=\"column\">\n\t\t\t<div class=\"elementor-widget-wrap elementor-element-populated\">\n\t\t\t\t\t\t<div class=\"elementor-element elementor-element-03b52d1 elementor-widget elementor-widget-image\" data-id=\"03b52d1\" data-element_type=\"widget\" data-widget_type=\"image.default\">\n\t\t\t\t<div class=\"elementor-widget-container\">\n\t\t\t\t\t\t\t\t\t\t\t\t\t\t\t<img fetchpriority=\"high\" decoding=\"async\" width=\"800\" height=\"726\" src=\"https:\/\/www.personalresults.fi\/wp-content\/uploads\/2020\/11\/Urban.jpg\" class=\"attachment-large size-large wp-image-195\" alt=\"Mies tietokoneen kanssa\" \/>\t\t\t\t\t\t\t\t\t\t\t\t\t\t\t<\/div>\n\t\t\t\t<\/div>\n\t\t\t\t\t<\/div>\n\t\t<\/div>\n\t\t\t\t\t<\/div>\n\t\t<\/section>\n\t\t\t\t<section class=\"elementor-section elementor-inner-section elementor-element elementor-element-7b98b2a elementor-section-boxed elementor-section-height-default elementor-section-height-default\" data-id=\"7b98b2a\" data-element_type=\"section\">\n\t\t\t\t\t\t<div class=\"elementor-container elementor-column-gap-default\">\n\t\t\t\t\t<div class=\"elementor-column elementor-col-33 elementor-inner-column elementor-element elementor-element-df76f37\" data-id=\"df76f37\" data-element_type=\"column\" data-settings=\"{&quot;background_background&quot;:&quot;classic&quot;}\">\n\t\t\t<div class=\"elementor-widget-wrap elementor-element-populated\">\n\t\t\t\t\t\t<div class=\"elementor-element elementor-element-cf8ee5f elementor-widget elementor-widget-heading\" data-id=\"cf8ee5f\" data-element_type=\"widget\" data-widget_type=\"heading.default\">\n\t\t\t\t<div class=\"elementor-widget-container\">\n\t\t\t\t\t<h2 class=\"elementor-heading-title elementor-size-default\">Dialoginen johtaminen<\/h2>\t\t\t\t<\/div>\n\t\t\t\t<\/div>\n\t\t\t\t<div class=\"elementor-element elementor-element-0cc3045 elementor-widget elementor-widget-text-editor\" data-id=\"0cc3045\" data-element_type=\"widget\" data-widget_type=\"text-editor.default\">\n\t\t\t\t<div class=\"elementor-widget-container\">\n\t\t\t\t\t\t\t\t\t<ul class=\"font_8\"><li><p class=\"font_8\">Strategian sitouttamiseen<\/p><\/li><li><p class=\"font_8\">Tuottavuuden parantamiseen<\/p><\/li><li><p class=\"font_8\">Hyvinvoinnin kehitt\u00e4miseen<\/p><\/li><\/ul>\t\t\t\t\t\t\t\t<\/div>\n\t\t\t\t<\/div>\n\t\t\t\t\t<\/div>\n\t\t<\/div>\n\t\t\t\t<div class=\"elementor-column elementor-col-33 elementor-inner-column elementor-element elementor-element-ba51a1d\" data-id=\"ba51a1d\" data-element_type=\"column\" data-settings=\"{&quot;background_background&quot;:&quot;classic&quot;}\">\n\t\t\t<div class=\"elementor-widget-wrap elementor-element-populated\">\n\t\t\t\t\t\t<div class=\"elementor-element elementor-element-b09ce48 elementor-widget elementor-widget-heading\" data-id=\"b09ce48\" data-element_type=\"widget\" data-widget_type=\"heading.default\">\n\t\t\t\t<div class=\"elementor-widget-container\">\n\t\t\t\t\t<h2 class=\"elementor-heading-title elementor-size-default\">Monipuoliset kartoitukset<\/h2>\t\t\t\t<\/div>\n\t\t\t\t<\/div>\n\t\t\t\t<div class=\"elementor-element elementor-element-eb46ddc elementor-widget elementor-widget-text-editor\" data-id=\"eb46ddc\" data-element_type=\"widget\" data-widget_type=\"text-editor.default\">\n\t\t\t\t<div class=\"elementor-widget-container\">\n\t\t\t\t\t\t\t\t\t<ul class=\"color_15 font_8\"><li><p class=\"font_8\"><span class=\"color_15\">Osallista henkil\u00f6st\u00f6si heit\u00e4 koskevien asioiden k\u00e4sittelyyn, suunnitteluun ja toteuttamiseen<\/span><\/p><\/li><li><p class=\"font_8\"><span class=\"color_15\">Luo osallistumisesta motivaatiota tavoitteiden saavuttamiseksi<\/span><\/p><\/li><\/ul>\t\t\t\t\t\t\t\t<\/div>\n\t\t\t\t<\/div>\n\t\t\t\t\t<\/div>\n\t\t<\/div>\n\t\t\t\t<div class=\"elementor-column elementor-col-33 elementor-inner-column elementor-element elementor-element-18e5708\" data-id=\"18e5708\" data-element_type=\"column\" data-settings=\"{&quot;background_background&quot;:&quot;classic&quot;}\">\n\t\t\t<div class=\"elementor-widget-wrap elementor-element-populated\">\n\t\t\t\t\t\t<div class=\"elementor-element elementor-element-0379535 elementor-widget elementor-widget-heading\" data-id=\"0379535\" data-element_type=\"widget\" data-widget_type=\"heading.default\">\n\t\t\t\t<div class=\"elementor-widget-container\">\n\t\t\t\t\t<h2 class=\"elementor-heading-title elementor-size-default\">Hy\u00f6dynn\u00e4 tehokkaasti<\/h2>\t\t\t\t<\/div>\n\t\t\t\t<\/div>\n\t\t\t\t<div class=\"elementor-element elementor-element-42a574b elementor-widget elementor-widget-text-editor\" data-id=\"42a574b\" data-element_type=\"widget\" data-widget_type=\"text-editor.default\">\n\t\t\t\t<div class=\"elementor-widget-container\">\n\t\t\t\t\t\t\t\t\t<ul class=\"font_8\"><li><p class=\"font_8\">Jatkuva palautteenanto<\/p><\/li><li><p class=\"font_8\">Kehityskeskustelut<\/p><\/li><li><p class=\"font_8\">Osaamiskartoitukset<\/p><\/li><li><p class=\"font_8\">Ty\u00f6hyvinvointikyselyt<\/p><\/li><li><p class=\"font_8\">Perehdytys<\/p><\/li><li><p class=\"font_8\">Auditoinnit<\/p><\/li><\/ul>\t\t\t\t\t\t\t\t<\/div>\n\t\t\t\t<\/div>\n\t\t\t\t\t<\/div>\n\t\t<\/div>\n\t\t\t\t\t<\/div>\n\t\t<\/section>\n\t\t\t\t\t<\/div>\n\t\t<\/div>\n\t\t\t\t\t<\/div>\n\t\t<\/section>\n\t\t\t\t<\/div>\n\t\t","protected":false},"excerpt":{"rendered":"<p>VALMIIT JOHTAMISALUSTAT DIGITAALISET KARTOITUSPOHJAT PRO-Ohjelmiston avulla luot jatkuvan dialogin osaksi p\u00e4ivitt\u00e4ist\u00e4 ty\u00f6skentely\u00e4 ja parannat ty\u00f6hyvinvointia. Tarjoamme valmiit johtamisalustat vuorovaikutuksen edist\u00e4miseksi organisaation kaikilla tasoilla. Ohjelmiston avulla tavoitteiden seuranta, suoritusten arviointi ja yksitt\u00e4isten kehitysideoiden tallentaminen tapahtuu nopeasti ja niiden analysointi on vaivatonta suoraan j\u00e4rjestelm\u00e4ss\u00e4. Palvelu soveltuu kaikille yrityksille ja yhteis\u00f6ille. Ohjelmistomme luo verkkopalvelukonseptin kehitt\u00e4miskohteiden esille nostamiseen ja [&hellip;]<\/p>\n","protected":false},"author":1,"featured_media":193,"parent":0,"menu_order":0,"comment_status":"closed","ping_status":"closed","template":"","meta":{"footnotes":""},"class_list":["post-22","page","type-page","status-publish","has-post-thumbnail","hentry"],"_links":{"self":[{"href":"https:\/\/www.personalresults.fi\/index.php\/wp-json\/wp\/v2\/pages\/22","targetHints":{"allow":["GET"]}}],"collection":[{"href":"https:\/\/www.personalresults.fi\/index.php\/wp-json\/wp\/v2\/pages"}],"about":[{"href":"https:\/\/www.personalresults.fi\/index.php\/wp-json\/wp\/v2\/types\/page"}],"author":[{"embeddable":true,"href":"https:\/\/www.personalresults.fi\/index.php\/wp-json\/wp\/v2\/users\/1"}],"replies":[{"embeddable":true,"href":"https:\/\/www.personalresults.fi\/index.php\/wp-json\/wp\/v2\/comments?post=22"}],"version-history":[{"count":33,"href":"https:\/\/www.personalresults.fi\/index.php\/wp-json\/wp\/v2\/pages\/22\/revisions"}],"predecessor-version":[{"id":269,"href":"https:\/\/www.personalresults.fi\/index.php\/wp-json\/wp\/v2\/pages\/22\/revisions\/269"}],"wp:featuredmedia":[{"embeddable":true,"href":"https:\/\/www.personalresults.fi\/index.php\/wp-json\/wp\/v2\/media\/193"}],"wp:attachment":[{"href":"https:\/\/www.personalresults.fi\/index.php\/wp-json\/wp\/v2\/media?parent=22"}],"curies":[{"name":"wp","href":"https:\/\/api.w.org\/{rel}","templated":true}]}}