{"id":31,"date":"2020-10-23T07:54:58","date_gmt":"2020-10-23T07:54:58","guid":{"rendered":"http:\/\/personalresults.secorasystems.com\/?page_id=31"},"modified":"2020-11-10T09:05:08","modified_gmt":"2020-11-10T09:05:08","slug":"toimintamallit","status":"publish","type":"page","link":"https:\/\/www.personalresults.fi\/index.php\/toimintamallit\/","title":{"rendered":"Toimintamallit"},"content":{"rendered":"\t\t<div data-elementor-type=\"wp-page\" data-elementor-id=\"31\" class=\"elementor elementor-31\" data-elementor-post-type=\"page\">\n\t\t\t\t\t\t<section class=\"elementor-section elementor-top-section elementor-element elementor-element-505a1b13 elementor-section-height-min-height elementor-section-content-middle elementor-section-boxed elementor-section-height-default elementor-section-items-middle\" data-id=\"505a1b13\" data-element_type=\"section\" data-settings=\"{&quot;background_background&quot;:&quot;classic&quot;}\">\n\t\t\t\t\t\t\t<div class=\"elementor-background-overlay\"><\/div>\n\t\t\t\t\t\t\t<div class=\"elementor-container elementor-column-gap-no\">\n\t\t\t\t\t<div class=\"elementor-column elementor-col-100 elementor-top-column elementor-element elementor-element-8d6fa2a\" data-id=\"8d6fa2a\" data-element_type=\"column\">\n\t\t\t<div class=\"elementor-widget-wrap elementor-element-populated\">\n\t\t\t\t\t\t<div class=\"elementor-element elementor-element-3722a3f2 elementor-widget elementor-widget-heading\" data-id=\"3722a3f2\" data-element_type=\"widget\" data-widget_type=\"heading.default\">\n\t\t\t\t<div class=\"elementor-widget-container\">\n\t\t\t\t\t<h2 class=\"elementor-heading-title elementor-size-default\">RUNSAASTI TOIMINTAMALLEJA<\/h2>\t\t\t\t<\/div>\n\t\t\t\t<\/div>\n\t\t\t\t<div class=\"elementor-element elementor-element-550ef3bd elementor-widget elementor-widget-heading\" data-id=\"550ef3bd\" data-element_type=\"widget\" data-widget_type=\"heading.default\">\n\t\t\t\t<div class=\"elementor-widget-container\">\n\t\t\t\t\t<div class=\"elementor-heading-title elementor-size-default\">PRO-OHJELMISTO YRITYKSESI TARPEISIIN<\/div>\t\t\t\t<\/div>\n\t\t\t\t<\/div>\n\t\t\t\t\t<\/div>\n\t\t<\/div>\n\t\t\t\t\t<\/div>\n\t\t<\/section>\n\t\t\t\t<section class=\"elementor-section elementor-top-section elementor-element elementor-element-9979f7d elementor-section-boxed elementor-section-height-default elementor-section-height-default\" data-id=\"9979f7d\" data-element_type=\"section\">\n\t\t\t\t\t\t<div class=\"elementor-container elementor-column-gap-default\">\n\t\t\t\t\t<div class=\"elementor-column elementor-col-100 elementor-top-column elementor-element elementor-element-c1b0a52\" data-id=\"c1b0a52\" data-element_type=\"column\">\n\t\t\t<div class=\"elementor-widget-wrap elementor-element-populated\">\n\t\t\t\t\t\t<div class=\"elementor-element elementor-element-9a40b38 elementor-widget elementor-widget-heading\" data-id=\"9a40b38\" data-element_type=\"widget\" data-widget_type=\"heading.default\">\n\t\t\t\t<div class=\"elementor-widget-container\">\n\t\t\t\t\t<h2 class=\"elementor-heading-title elementor-size-default\">Luo jatkuva dialogi esimiesten ja henkil\u00f6st\u00f6n v\u00e4lille.<\/h2>\t\t\t\t<\/div>\n\t\t\t\t<\/div>\n\t\t\t\t<div class=\"elementor-element elementor-element-bf8a9dc elementor-widget elementor-widget-text-editor\" data-id=\"bf8a9dc\" data-element_type=\"widget\" data-widget_type=\"text-editor.default\">\n\t\t\t\t<div class=\"elementor-widget-container\">\n\t\t\t\t\t\t\t\t\t<div id=\"comp-kgrxibez\" class=\"txtNew\" data-packed=\"true\" data-vertical-text=\"false\"><p class=\"font_7\">Osallista henkil\u00f6st\u00f6si heit\u00e4 koskevien asioiden k\u00e4sittelyyn, suunnitteluun ja toteuttamiseen.<\/p><\/div><div id=\"comp-kgrx1stz\" class=\"txtNew\" data-packed=\"true\" data-vertical-text=\"false\"><p class=\"font_8\">Palvelumme on luonnollinen osa henkil\u00f6st\u00f6n hyvinvoinnin varmistamista, strategisen johtamisen vahvistamista ja liiketoiminnan kehitt\u00e4mist\u00e4. PRO-ohjelmistomme avulla voit helposti toteuttaa mm. seuraavia kartoituksia sek\u00e4 tarpeidesi mukaisia omia lomakesis\u00e4lt\u00f6j\u00e4si.<\/p><\/div>\t\t\t\t\t\t\t\t<\/div>\n\t\t\t\t<\/div>\n\t\t\t\t<section class=\"elementor-section elementor-inner-section elementor-element elementor-element-9cb168d elementor-section-boxed elementor-section-height-default elementor-section-height-default\" data-id=\"9cb168d\" data-element_type=\"section\">\n\t\t\t\t\t\t<div class=\"elementor-container elementor-column-gap-default\">\n\t\t\t\t\t<div class=\"elementor-column elementor-col-33 elementor-inner-column elementor-element elementor-element-58d7f68\" data-id=\"58d7f68\" data-element_type=\"column\">\n\t\t\t<div class=\"elementor-widget-wrap elementor-element-populated\">\n\t\t\t\t\t\t<div class=\"elementor-element elementor-element-d655b9f elementor-widget elementor-widget-image\" data-id=\"d655b9f\" data-element_type=\"widget\" data-widget_type=\"image.default\">\n\t\t\t\t<div class=\"elementor-widget-container\">\n\t\t\t\t\t\t\t\t\t\t\t\t\t\t\t<img fetchpriority=\"high\" decoding=\"async\" width=\"300\" height=\"300\" src=\"https:\/\/www.personalresults.fi\/wp-content\/uploads\/2020\/11\/Palaute.jpg\" class=\"attachment-medium size-medium wp-image-211\" alt=\"\" \/>\t\t\t\t\t\t\t\t\t\t\t\t\t\t\t<\/div>\n\t\t\t\t<\/div>\n\t\t\t\t<div class=\"elementor-element elementor-element-4b47a66 elementor-widget elementor-widget-heading\" data-id=\"4b47a66\" data-element_type=\"widget\" data-widget_type=\"heading.default\">\n\t\t\t\t<div class=\"elementor-widget-container\">\n\t\t\t\t\t<h2 class=\"elementor-heading-title elementor-size-default\">Jatkuva palautteenanto<\/h2>\t\t\t\t<\/div>\n\t\t\t\t<\/div>\n\t\t\t\t<div class=\"elementor-element elementor-element-6585b81 elementor-widget elementor-widget-text-editor\" data-id=\"6585b81\" data-element_type=\"widget\" data-widget_type=\"text-editor.default\">\n\t\t\t\t<div class=\"elementor-widget-container\">\n\t\t\t\t\t\t\t\t\t<p class=\"font_7\">Ker\u00e4\u00e4 s\u00e4\u00e4nn\u00f6llist\u00e4 palautetta ja kehit\u00e4 toimintaasi sen avulla.<\/p><p class=\"font_7\"><a href=\"https:\/\/www.personalresults.fi\/index.php\/palautteenanto\/\"><span class=\"wixGuard\">Palautteet<\/span><\/a><\/p>\t\t\t\t\t\t\t\t<\/div>\n\t\t\t\t<\/div>\n\t\t\t\t\t<\/div>\n\t\t<\/div>\n\t\t\t\t<div class=\"elementor-column elementor-col-33 elementor-inner-column elementor-element elementor-element-2812522\" data-id=\"2812522\" data-element_type=\"column\">\n\t\t\t<div class=\"elementor-widget-wrap elementor-element-populated\">\n\t\t\t\t\t\t<div class=\"elementor-element elementor-element-37a6639 elementor-widget elementor-widget-image\" data-id=\"37a6639\" data-element_type=\"widget\" data-widget_type=\"image.default\">\n\t\t\t\t<div class=\"elementor-widget-container\">\n\t\t\t\t\t\t\t\t\t\t\t\t\t\t\t<img decoding=\"async\" width=\"300\" height=\"300\" src=\"https:\/\/www.personalresults.fi\/wp-content\/uploads\/2020\/11\/Hyvinvointikyselyt-1.jpg\" class=\"attachment-medium size-medium wp-image-247\" alt=\"\" \/>\t\t\t\t\t\t\t\t\t\t\t\t\t\t\t<\/div>\n\t\t\t\t<\/div>\n\t\t\t\t<div class=\"elementor-element elementor-element-d3dfdb9 elementor-widget elementor-widget-heading\" data-id=\"d3dfdb9\" data-element_type=\"widget\" data-widget_type=\"heading.default\">\n\t\t\t\t<div class=\"elementor-widget-container\">\n\t\t\t\t\t<h2 class=\"elementor-heading-title elementor-size-default\">Hyvinvointikyselyt<\/h2>\t\t\t\t<\/div>\n\t\t\t\t<\/div>\n\t\t\t\t<div class=\"elementor-element elementor-element-fb69143 elementor-widget elementor-widget-text-editor\" data-id=\"fb69143\" data-element_type=\"widget\" data-widget_type=\"text-editor.default\">\n\t\t\t\t<div class=\"elementor-widget-container\">\n\t\t\t\t\t\t\t\t\t<p>Kartoita henkil\u00f6st\u00f6si n\u00e4kemyksi\u00e4 ja toiveita ty\u00f6hvinvoinnista kyselyn avulla kehitt\u00e4misen pohjaksi.<\/p><p><a href=\"https:\/\/www.personalresults.fi\/index.php\/hyvinvointikartoitus\/\">Hyvinvointikartoitukset<\/a><\/p>\t\t\t\t\t\t\t\t<\/div>\n\t\t\t\t<\/div>\n\t\t\t\t\t<\/div>\n\t\t<\/div>\n\t\t\t\t<div class=\"elementor-column elementor-col-33 elementor-inner-column elementor-element elementor-element-6ad4392\" data-id=\"6ad4392\" data-element_type=\"column\">\n\t\t\t<div class=\"elementor-widget-wrap elementor-element-populated\">\n\t\t\t\t\t\t<div class=\"elementor-element elementor-element-cb64774 elementor-widget elementor-widget-image\" data-id=\"cb64774\" data-element_type=\"widget\" data-widget_type=\"image.default\">\n\t\t\t\t<div class=\"elementor-widget-container\">\n\t\t\t\t\t\t\t\t\t\t\t\t\t\t\t<img decoding=\"async\" width=\"300\" height=\"300\" src=\"https:\/\/www.personalresults.fi\/wp-content\/uploads\/2020\/11\/Puhekuplat.png\" class=\"attachment-medium size-medium wp-image-248\" alt=\"\" \/>\t\t\t\t\t\t\t\t\t\t\t\t\t\t\t<\/div>\n\t\t\t\t<\/div>\n\t\t\t\t<div class=\"elementor-element elementor-element-11ef996 elementor-widget elementor-widget-heading\" data-id=\"11ef996\" data-element_type=\"widget\" data-widget_type=\"heading.default\">\n\t\t\t\t<div class=\"elementor-widget-container\">\n\t\t\t\t\t<h2 class=\"elementor-heading-title elementor-size-default\">Osaamiskartoitukset<\/h2>\t\t\t\t<\/div>\n\t\t\t\t<\/div>\n\t\t\t\t<div class=\"elementor-element elementor-element-e4dc267 elementor-widget elementor-widget-text-editor\" data-id=\"e4dc267\" data-element_type=\"widget\" data-widget_type=\"text-editor.default\">\n\t\t\t\t<div class=\"elementor-widget-container\">\n\t\t\t\t\t\t\t\t\t<p>Osaamiskartoituksen avulla tunnistat yrityksess\u00e4si olevan osaamisen.<\/p><p><a href=\"https:\/\/www.personalresults.fi\/index.php\/osaamiskartoitus\/\">Osaamiskartoitukset<\/a><\/p>\t\t\t\t\t\t\t\t<\/div>\n\t\t\t\t<\/div>\n\t\t\t\t\t<\/div>\n\t\t<\/div>\n\t\t\t\t\t<\/div>\n\t\t<\/section>\n\t\t\t\t<div class=\"elementor-element elementor-element-b9363e0 elementor-widget elementor-widget-heading\" data-id=\"b9363e0\" data-element_type=\"widget\" data-widget_type=\"heading.default\">\n\t\t\t\t<div class=\"elementor-widget-container\">\n\t\t\t\t\t<h2 class=\"elementor-heading-title elementor-size-default\">Muita k\u00e4ytt\u00f6tarkoituksia<\/h2>\t\t\t\t<\/div>\n\t\t\t\t<\/div>\n\t\t\t\t<section class=\"elementor-section elementor-inner-section elementor-element elementor-element-38e64ed elementor-section-boxed elementor-section-height-default elementor-section-height-default\" data-id=\"38e64ed\" data-element_type=\"section\">\n\t\t\t\t\t\t<div class=\"elementor-container elementor-column-gap-default\">\n\t\t\t\t\t<div class=\"elementor-column elementor-col-33 elementor-inner-column elementor-element elementor-element-53ca1b5\" data-id=\"53ca1b5\" data-element_type=\"column\">\n\t\t\t<div class=\"elementor-widget-wrap elementor-element-populated\">\n\t\t\t\t\t\t<div class=\"elementor-element elementor-element-856c71d elementor-widget elementor-widget-image\" data-id=\"856c71d\" data-element_type=\"widget\" data-widget_type=\"image.default\">\n\t\t\t\t<div class=\"elementor-widget-container\">\n\t\t\t\t\t\t\t\t\t\t\t\t\t\t\t<img loading=\"lazy\" decoding=\"async\" width=\"300\" height=\"296\" src=\"https:\/\/www.personalresults.fi\/wp-content\/uploads\/2020\/11\/Auditointi.png\" class=\"attachment-medium size-medium wp-image-252\" alt=\"\" \/>\t\t\t\t\t\t\t\t\t\t\t\t\t\t\t<\/div>\n\t\t\t\t<\/div>\n\t\t\t\t<div class=\"elementor-element elementor-element-f5c0a24 elementor-widget elementor-widget-heading\" data-id=\"f5c0a24\" data-element_type=\"widget\" data-widget_type=\"heading.default\">\n\t\t\t\t<div class=\"elementor-widget-container\">\n\t\t\t\t\t<h2 class=\"elementor-heading-title elementor-size-default\">Auditoinnit<\/h2>\t\t\t\t<\/div>\n\t\t\t\t<\/div>\n\t\t\t\t<div class=\"elementor-element elementor-element-b36cb18 elementor-widget elementor-widget-text-editor\" data-id=\"b36cb18\" data-element_type=\"widget\" data-widget_type=\"text-editor.default\">\n\t\t\t\t<div class=\"elementor-widget-container\">\n\t\t\t\t\t\t\t\t\t<p class=\"font_7\">Kartoita ja analysoi auditointien aineistoa valmiilla lomakepohjalla.<\/p>\t\t\t\t\t\t\t\t<\/div>\n\t\t\t\t<\/div>\n\t\t\t\t\t<\/div>\n\t\t<\/div>\n\t\t\t\t<div class=\"elementor-column elementor-col-33 elementor-inner-column elementor-element elementor-element-927871a\" data-id=\"927871a\" data-element_type=\"column\">\n\t\t\t<div class=\"elementor-widget-wrap elementor-element-populated\">\n\t\t\t\t\t\t<div class=\"elementor-element elementor-element-d25b25e elementor-widget elementor-widget-image\" data-id=\"d25b25e\" data-element_type=\"widget\" data-widget_type=\"image.default\">\n\t\t\t\t<div class=\"elementor-widget-container\">\n\t\t\t\t\t\t\t\t\t\t\t\t\t\t\t<img loading=\"lazy\" decoding=\"async\" width=\"300\" height=\"300\" src=\"https:\/\/www.personalresults.fi\/wp-content\/uploads\/2020\/11\/Kasvot-1.png\" class=\"attachment-medium size-medium wp-image-255\" alt=\"\" \/>\t\t\t\t\t\t\t\t\t\t\t\t\t\t\t<\/div>\n\t\t\t\t<\/div>\n\t\t\t\t<div class=\"elementor-element elementor-element-52063e2 elementor-widget elementor-widget-heading\" data-id=\"52063e2\" data-element_type=\"widget\" data-widget_type=\"heading.default\">\n\t\t\t\t<div class=\"elementor-widget-container\">\n\t\t\t\t\t<h2 class=\"elementor-heading-title elementor-size-default\">Kehityskeskustelut<\/h2>\t\t\t\t<\/div>\n\t\t\t\t<\/div>\n\t\t\t\t<div class=\"elementor-element elementor-element-154c9d2 elementor-widget elementor-widget-text-editor\" data-id=\"154c9d2\" data-element_type=\"widget\" data-widget_type=\"text-editor.default\">\n\t\t\t\t<div class=\"elementor-widget-container\">\n\t\t\t\t\t\t\t\t\t<p>Hy\u00f6dynn\u00e4 kartoitusta kehityskeskustelussa ja jatka dialogia digitaalisesti.<\/p>\t\t\t\t\t\t\t\t<\/div>\n\t\t\t\t<\/div>\n\t\t\t\t\t<\/div>\n\t\t<\/div>\n\t\t\t\t<div class=\"elementor-column elementor-col-33 elementor-inner-column elementor-element elementor-element-43dd740\" data-id=\"43dd740\" data-element_type=\"column\">\n\t\t\t<div class=\"elementor-widget-wrap elementor-element-populated\">\n\t\t\t\t\t\t<div class=\"elementor-element elementor-element-7209004 elementor-widget elementor-widget-image\" data-id=\"7209004\" data-element_type=\"widget\" data-widget_type=\"image.default\">\n\t\t\t\t<div class=\"elementor-widget-container\">\n\t\t\t\t\t\t\t\t\t\t\t\t\t\t\t<img loading=\"lazy\" decoding=\"async\" width=\"300\" height=\"300\" src=\"https:\/\/www.personalresults.fi\/wp-content\/uploads\/2020\/11\/bad-review.png\" class=\"attachment-medium size-medium wp-image-256\" alt=\"\" \/>\t\t\t\t\t\t\t\t\t\t\t\t\t\t\t<\/div>\n\t\t\t\t<\/div>\n\t\t\t\t<div class=\"elementor-element elementor-element-f1e3978 elementor-widget elementor-widget-heading\" data-id=\"f1e3978\" data-element_type=\"widget\" data-widget_type=\"heading.default\">\n\t\t\t\t<div class=\"elementor-widget-container\">\n\t\t\t\t\t<h2 class=\"elementor-heading-title elementor-size-default\">Perehdytykset<\/h2>\t\t\t\t<\/div>\n\t\t\t\t<\/div>\n\t\t\t\t<div class=\"elementor-element elementor-element-700f1de elementor-widget elementor-widget-text-editor\" data-id=\"700f1de\" data-element_type=\"widget\" data-widget_type=\"text-editor.default\">\n\t\t\t\t<div class=\"elementor-widget-container\">\n\t\t\t\t\t\t\t\t\t<p>K\u00e4yt\u00e4 digitaalista kartoitusta perehdytt\u00e4misen tueksi, my\u00f6s r\u00e4\u00e4t\u00e4l\u00f6ityn\u00e4.<\/p>\t\t\t\t\t\t\t\t<\/div>\n\t\t\t\t<\/div>\n\t\t\t\t\t<\/div>\n\t\t<\/div>\n\t\t\t\t\t<\/div>\n\t\t<\/section>\n\t\t\t\t<section class=\"elementor-section elementor-inner-section elementor-element elementor-element-392b96f elementor-section-boxed elementor-section-height-default elementor-section-height-default\" data-id=\"392b96f\" data-element_type=\"section\">\n\t\t\t\t\t\t<div class=\"elementor-container elementor-column-gap-default\">\n\t\t\t\t\t<div class=\"elementor-column elementor-col-100 elementor-inner-column elementor-element elementor-element-6cae7ff\" data-id=\"6cae7ff\" data-element_type=\"column\">\n\t\t\t<div class=\"elementor-widget-wrap elementor-element-populated\">\n\t\t\t\t\t\t<div class=\"elementor-element elementor-element-4d02ae1 elementor-widget elementor-widget-text-editor\" data-id=\"4d02ae1\" data-element_type=\"widget\" data-widget_type=\"text-editor.default\">\n\t\t\t\t<div class=\"elementor-widget-container\">\n\t\t\t\t\t\t\t\t\t<p>Tarvitsetko muunlaista kartoitusta tai kysely\u00e4? <a href=\"https:\/\/www.personalresults.fi\/index.php\/ota-yhteytta\/\">Ota yhteytt\u00e4<\/a>, niin toteutamme sen tai autamme yrityksesi avaink\u00e4ytt\u00e4ji\u00e4 laatimaan sen.<\/p>\t\t\t\t\t\t\t\t<\/div>\n\t\t\t\t<\/div>\n\t\t\t\t\t<\/div>\n\t\t<\/div>\n\t\t\t\t\t<\/div>\n\t\t<\/section>\n\t\t\t\t\t<\/div>\n\t\t<\/div>\n\t\t\t\t\t<\/div>\n\t\t<\/section>\n\t\t\t\t<\/div>\n\t\t","protected":false},"excerpt":{"rendered":"<p>RUNSAASTI TOIMINTAMALLEJA PRO-OHJELMISTO YRITYKSESI TARPEISIIN Luo jatkuva dialogi esimiesten ja henkil\u00f6st\u00f6n v\u00e4lille. Osallista henkil\u00f6st\u00f6si heit\u00e4 koskevien asioiden k\u00e4sittelyyn, suunnitteluun ja toteuttamiseen. Palvelumme on luonnollinen osa henkil\u00f6st\u00f6n hyvinvoinnin varmistamista, strategisen johtamisen vahvistamista ja liiketoiminnan kehitt\u00e4mist\u00e4. PRO-ohjelmistomme avulla voit helposti toteuttaa mm. seuraavia kartoituksia sek\u00e4 tarpeidesi mukaisia omia lomakesis\u00e4lt\u00f6j\u00e4si. Jatkuva palautteenanto Ker\u00e4\u00e4 s\u00e4\u00e4nn\u00f6llist\u00e4 palautetta ja kehit\u00e4 toimintaasi [&hellip;]<\/p>\n","protected":false},"author":1,"featured_media":241,"parent":0,"menu_order":0,"comment_status":"closed","ping_status":"closed","template":"","meta":{"footnotes":""},"class_list":["post-31","page","type-page","status-publish","has-post-thumbnail","hentry"],"_links":{"self":[{"href":"https:\/\/www.personalresults.fi\/index.php\/wp-json\/wp\/v2\/pages\/31","targetHints":{"allow":["GET"]}}],"collection":[{"href":"https:\/\/www.personalresults.fi\/index.php\/wp-json\/wp\/v2\/pages"}],"about":[{"href":"https:\/\/www.personalresults.fi\/index.php\/wp-json\/wp\/v2\/types\/page"}],"author":[{"embeddable":true,"href":"https:\/\/www.personalresults.fi\/index.php\/wp-json\/wp\/v2\/users\/1"}],"replies":[{"embeddable":true,"href":"https:\/\/www.personalresults.fi\/index.php\/wp-json\/wp\/v2\/comments?post=31"}],"version-history":[{"count":32,"href":"https:\/\/www.personalresults.fi\/index.php\/wp-json\/wp\/v2\/pages\/31\/revisions"}],"predecessor-version":[{"id":286,"href":"https:\/\/www.personalresults.fi\/index.php\/wp-json\/wp\/v2\/pages\/31\/revisions\/286"}],"wp:featuredmedia":[{"embeddable":true,"href":"https:\/\/www.personalresults.fi\/index.php\/wp-json\/wp\/v2\/media\/241"}],"wp:attachment":[{"href":"https:\/\/www.personalresults.fi\/index.php\/wp-json\/wp\/v2\/media?parent=31"}],"curies":[{"name":"wp","href":"https:\/\/api.w.org\/{rel}","templated":true}]}}