{"id":7,"date":"2020-10-15T05:35:06","date_gmt":"2020-10-15T05:35:06","guid":{"rendered":"http:\/\/personalresults.secorasystems.com\/?page_id=7"},"modified":"2020-11-10T10:26:31","modified_gmt":"2020-11-10T10:26:31","slug":"etusivu","status":"publish","type":"page","link":"https:\/\/www.personalresults.fi\/","title":{"rendered":"Etusivu"},"content":{"rendered":"\t\t<div data-elementor-type=\"wp-page\" data-elementor-id=\"7\" class=\"elementor elementor-7\" data-elementor-post-type=\"page\">\n\t\t\t\t\t\t<section class=\"elementor-section elementor-top-section elementor-element elementor-element-7f108fe elementor-section-height-min-height elementor-section-content-middle elementor-section-boxed elementor-section-height-default elementor-section-items-middle\" data-id=\"7f108fe\" data-element_type=\"section\" data-settings=\"{&quot;background_background&quot;:&quot;classic&quot;}\">\n\t\t\t\t\t\t\t<div class=\"elementor-background-overlay\"><\/div>\n\t\t\t\t\t\t\t<div class=\"elementor-container elementor-column-gap-no\">\n\t\t\t\t\t<div class=\"elementor-column elementor-col-100 elementor-top-column elementor-element elementor-element-3f58fd5f\" data-id=\"3f58fd5f\" data-element_type=\"column\">\n\t\t\t<div class=\"elementor-widget-wrap elementor-element-populated\">\n\t\t\t\t\t\t<div class=\"elementor-element elementor-element-344ad25 elementor-widget elementor-widget-heading\" data-id=\"344ad25\" data-element_type=\"widget\" data-widget_type=\"heading.default\">\n\t\t\t\t<div class=\"elementor-widget-container\">\n\t\t\t\t\t<h2 class=\"elementor-heading-title elementor-size-default\">Personal Results Oy<\/h2>\t\t\t\t<\/div>\n\t\t\t\t<\/div>\n\t\t\t\t<div class=\"elementor-element elementor-element-a3286d2 elementor-widget elementor-widget-heading\" data-id=\"a3286d2\" data-element_type=\"widget\" data-widget_type=\"heading.default\">\n\t\t\t\t<div class=\"elementor-widget-container\">\n\t\t\t\t\t<h2 class=\"elementor-heading-title elementor-size-default\">TEHOKKUUTTA HYVINVOINNIN\nJA  TULOKSELLISUUDEN KARTOITUKSEEN<\/h2>\t\t\t\t<\/div>\n\t\t\t\t<\/div>\n\t\t\t\t<div class=\"elementor-element elementor-element-5368efb8 elementor-widget elementor-widget-heading\" data-id=\"5368efb8\" data-element_type=\"widget\" data-widget_type=\"heading.default\">\n\t\t\t\t<div class=\"elementor-widget-container\">\n\t\t\t\t\t<div class=\"elementor-heading-title elementor-size-default\">TY\u00d6SS\u00c4JAKSAMISTA JA TUOTTAVUUTTA<\/div>\t\t\t\t<\/div>\n\t\t\t\t<\/div>\n\t\t\t\t\t<\/div>\n\t\t<\/div>\n\t\t\t\t\t<\/div>\n\t\t<\/section>\n\t\t\t\t<section class=\"elementor-section elementor-top-section elementor-element elementor-element-2b4773e2 elementor-section-content-middle elementor-reverse-mobile elementor-section-boxed elementor-section-height-default elementor-section-height-default\" data-id=\"2b4773e2\" data-element_type=\"section\">\n\t\t\t\t\t\t<div class=\"elementor-container elementor-column-gap-no\">\n\t\t\t\t\t<div class=\"elementor-column elementor-col-50 elementor-top-column elementor-element elementor-element-47f6b01a\" data-id=\"47f6b01a\" data-element_type=\"column\">\n\t\t\t<div class=\"elementor-widget-wrap elementor-element-populated\">\n\t\t\t\t\t\t<div class=\"elementor-element elementor-element-63ab9dd6 elementor-widget elementor-widget-heading\" data-id=\"63ab9dd6\" data-element_type=\"widget\" data-widget_type=\"heading.default\">\n\t\t\t\t<div class=\"elementor-widget-container\">\n\t\t\t\t\t<h4 class=\"elementor-heading-title elementor-size-default\">PRO-ohjelmistomme<\/h4>\t\t\t\t<\/div>\n\t\t\t\t<\/div>\n\t\t\t\t<div class=\"elementor-element elementor-element-5cfd7fc elementor-widget elementor-widget-text-editor\" data-id=\"5cfd7fc\" data-element_type=\"widget\" data-widget_type=\"text-editor.default\">\n\t\t\t\t<div class=\"elementor-widget-container\">\n\t\t\t\t\t\t\t\t\t<p class=\"font_9\"><span class=\"color_15\">Tarjoamme tehokkaan johtamisen ja henkil\u00f6st\u00f6n hyvinvoinnin yhdist\u00e4v\u00e4n ohjelmiston, jolla on helppo kehitt\u00e4\u00e4 koko organisaation toimintaa.<\/span><\/p><p class=\"font_9\"><span class=\"color_15\">PRO-ohjelmistomme avulla yhdist\u00e4t sujuvasti henkil\u00f6st\u00f6n kehityskeskustelut, strategian muuttamisen tuloksiksi sek\u00e4 henkil\u00f6st\u00f6n sitouttamisen. Ohjelmiston lis\u00e4ksi ja tueksi tarjoamme konkreettista kehitt\u00e4mispalvelua, jonka tuloksena yhteis\u00f6n toiminta tehostuu ja tavoitteisiin sitoutuminen lis\u00e4\u00e4ntyy. Tavoitteet ja tuloksiin johtavat valinnat siirr\u00e4mme luonnolliseksi osaksi p\u00e4ivitt\u00e4ist\u00e4 ty\u00f6t\u00e4. Tavoitteenamme on luoda ohjelmiston avulla jatkuva, molempia hy\u00f6dytt\u00e4v\u00e4 dialogi esimiehen ja alaisen v\u00e4lille.<\/span><\/p><p class=\"font_9\"><span style=\"font-family: var( --e-global-typography-text-font-family ), Sans-serif;\">Palvelumme on luonnollinen osa henkil\u00f6st\u00f6n hyvinvoinnin varmistamisessa sek\u00e4 strategisen johtamisen vahvistamisessa ja liiketoiminnan kehitt\u00e4misess\u00e4.<\/span><\/p>\t\t\t\t\t\t\t\t<\/div>\n\t\t\t\t<\/div>\n\t\t\t\t\t<\/div>\n\t\t<\/div>\n\t\t\t\t<div class=\"elementor-column elementor-col-50 elementor-top-column elementor-element elementor-element-5904959\" data-id=\"5904959\" data-element_type=\"column\">\n\t\t\t<div class=\"elementor-widget-wrap elementor-element-populated\">\n\t\t\t\t\t\t<div class=\"elementor-element elementor-element-2602175b elementor-widget elementor-widget-image\" data-id=\"2602175b\" data-element_type=\"widget\" data-widget_type=\"image.default\">\n\t\t\t\t<div class=\"elementor-widget-container\">\n\t\t\t\t\t\t\t\t\t\t\t\t\t\t\t<img fetchpriority=\"high\" decoding=\"async\" width=\"1280\" height=\"1280\" src=\"https:\/\/www.personalresults.fi\/wp-content\/uploads\/2020\/11\/Lomakkeentaytto.jpg\" class=\"attachment-full size-full wp-image-277\" alt=\"Lomakkeen t\u00e4ytt\u00e4minen\" \/>\t\t\t\t\t\t\t\t\t\t\t\t\t\t\t<\/div>\n\t\t\t\t<\/div>\n\t\t\t\t\t<\/div>\n\t\t<\/div>\n\t\t\t\t\t<\/div>\n\t\t<\/section>\n\t\t\t\t<section class=\"elementor-section elementor-top-section elementor-element elementor-element-4779bd7e elementor-section-content-middle elementor-section-boxed elementor-section-height-default elementor-section-height-default\" data-id=\"4779bd7e\" data-element_type=\"section\" data-settings=\"{&quot;background_background&quot;:&quot;classic&quot;}\">\n\t\t\t\t\t\t<div class=\"elementor-container elementor-column-gap-no\">\n\t\t\t\t\t<div class=\"elementor-column elementor-col-100 elementor-top-column elementor-element elementor-element-78cd44e2\" data-id=\"78cd44e2\" data-element_type=\"column\">\n\t\t\t<div class=\"elementor-widget-wrap elementor-element-populated\">\n\t\t\t\t\t\t<div class=\"elementor-element elementor-element-5183c165 elementor-widget elementor-widget-heading\" data-id=\"5183c165\" data-element_type=\"widget\" data-widget_type=\"heading.default\">\n\t\t\t\t<div class=\"elementor-widget-container\">\n\t\t\t\t\t<h4 class=\"elementor-heading-title elementor-size-default\">Palvelumme<\/h4>\t\t\t\t<\/div>\n\t\t\t\t<\/div>\n\t\t\t\t<section class=\"elementor-section elementor-inner-section elementor-element elementor-element-1865fa84 elementor-section-boxed elementor-section-height-default elementor-section-height-default\" data-id=\"1865fa84\" data-element_type=\"section\">\n\t\t\t\t\t\t<div class=\"elementor-container elementor-column-gap-default\">\n\t\t\t\t\t<div class=\"elementor-column elementor-col-33 elementor-inner-column elementor-element elementor-element-6ca1d439\" data-id=\"6ca1d439\" data-element_type=\"column\">\n\t\t\t<div class=\"elementor-widget-wrap elementor-element-populated\">\n\t\t\t\t\t\t<div class=\"elementor-element elementor-element-1e5b6a2 elementor-widget elementor-widget-image\" data-id=\"1e5b6a2\" data-element_type=\"widget\" data-widget_type=\"image.default\">\n\t\t\t\t<div class=\"elementor-widget-container\">\n\t\t\t\t\t\t\t\t\t\t\t\t\t\t\t<img decoding=\"async\" width=\"800\" height=\"398\" src=\"https:\/\/www.personalresults.fi\/wp-content\/uploads\/2020\/11\/pexels-bongkarn-thanyakij-3740164.jpg\" class=\"attachment-large size-large wp-image-270\" alt=\"Tiimity\u00f6skentely\" \/>\t\t\t\t\t\t\t\t\t\t\t\t\t\t\t<\/div>\n\t\t\t\t<\/div>\n\t\t\t\t<div class=\"elementor-element elementor-element-53ad696 elementor-widget elementor-widget-heading\" data-id=\"53ad696\" data-element_type=\"widget\" data-widget_type=\"heading.default\">\n\t\t\t\t<div class=\"elementor-widget-container\">\n\t\t\t\t\t<h2 class=\"elementor-heading-title elementor-size-default\">TY\u00d6SS\u00c4JAKSAMISTA JA TUOTTAVUUTTA<\/h2>\t\t\t\t<\/div>\n\t\t\t\t<\/div>\n\t\t\t\t<div class=\"elementor-element elementor-element-a2422e1 elementor-widget elementor-widget-text-editor\" data-id=\"a2422e1\" data-element_type=\"widget\" data-widget_type=\"text-editor.default\">\n\t\t\t\t<div class=\"elementor-widget-container\">\n\t\t\t\t\t\t\t\t\t<p class=\"font_8\"><strong><span class=\"color_15\">Tehokas ty\u00f6hyvinvointikartoitus<\/span><\/strong><\/p><p class=\"font_8\"><span class=\"color_15\">Personal Results Oy tarjoaa tehokkaan johtamisen ja henkil\u00f6st\u00f6n hyvinvoinnin yhdist\u00e4v\u00e4n ohjelmiston, jolla on helppo kehitt\u00e4\u00e4 koko organisaation toimintaa.<\/span><\/p><p>Ohjelmiston ohessa tarjoamme konkreettista kehitt\u00e4mispalvelua, jonka tuloksena yhteis\u00f6n toiminta tehostuu ja tavoitteisiin sitoutuminen lis\u00e4\u00e4ntyy. Tavoitteet ja tuloksiin johtavat johtavat valinnat siirr\u00e4mme luonnolliseksi osaksi p\u00e4ivitt\u00e4isty\u00f6t\u00e4. P\u00e4\u00e4tavoitteenamme on luoda ohjelmiston avulla jatkuva, molempia hy\u00f6dytt\u00e4v\u00e4 dialogi esimiehen ja alaisen v\u00e4lille.<\/p>\t\t\t\t\t\t\t\t<\/div>\n\t\t\t\t<\/div>\n\t\t\t\t\t<\/div>\n\t\t<\/div>\n\t\t\t\t<div class=\"elementor-column elementor-col-33 elementor-inner-column elementor-element elementor-element-f08736e\" data-id=\"f08736e\" data-element_type=\"column\">\n\t\t\t<div class=\"elementor-widget-wrap elementor-element-populated\">\n\t\t\t\t\t\t<div class=\"elementor-element elementor-element-3e25668 elementor-widget elementor-widget-image\" data-id=\"3e25668\" data-element_type=\"widget\" data-widget_type=\"image.default\">\n\t\t\t\t<div class=\"elementor-widget-container\">\n\t\t\t\t\t\t\t\t\t\t\t\t\t\t\t<img decoding=\"async\" width=\"800\" height=\"398\" src=\"https:\/\/www.personalresults.fi\/wp-content\/uploads\/2020\/11\/Tyohyvinvointi2.jpg\" class=\"attachment-large size-large wp-image-276\" alt=\"\" \/>\t\t\t\t\t\t\t\t\t\t\t\t\t\t\t<\/div>\n\t\t\t\t<\/div>\n\t\t\t\t<div class=\"elementor-element elementor-element-0b3c558 elementor-widget elementor-widget-heading\" data-id=\"0b3c558\" data-element_type=\"widget\" data-widget_type=\"heading.default\">\n\t\t\t\t<div class=\"elementor-widget-container\">\n\t\t\t\t\t<h2 class=\"elementor-heading-title elementor-size-default\">HYVINVOINTIA JA\nPAREMPAA TULOSTA<\/h2>\t\t\t\t<\/div>\n\t\t\t\t<\/div>\n\t\t\t\t<div class=\"elementor-element elementor-element-9f92fb5 elementor-widget elementor-widget-text-editor\" data-id=\"9f92fb5\" data-element_type=\"widget\" data-widget_type=\"text-editor.default\">\n\t\t\t\t<div class=\"elementor-widget-container\">\n\t\t\t\t\t\t\t\t\t<p class=\"font_8\"><strong>Tavoitteena tulos<\/strong><\/p><p class=\"font_8\"><span class=\"color_15\">PRO-ohjelmistomme on web-pohjainen palvelu, jossa yhdistyv\u00e4t yrityksen henkil\u00f6st\u00f6n kehityskeskustelu, strategian muuttaminen tuloksiksi ja henkil\u00f6st\u00f6n sitouttaminen.<br \/><br \/>Palvelu pureutuu:<\/span><\/p><ul class=\"font_8\"><li><p class=\"font_8\">Strategiaan sitouttamiseen<\/p><\/li><li><p class=\"font_8\"><span class=\"color_15\">Tuottavuuden parantamiseen<\/span><\/p><\/li><li><p class=\"font_8\"><span class=\"color_15\">Hyvinvoinnin kehitt\u00e4miseen<\/span><\/p><\/li><\/ul><p class=\"font_8\"><br \/><span class=\"color_15\">Palvelu on tarkoitettu kaikille yrityksille ja yhteis\u00f6ille, koko henkil\u00f6st\u00f6lle.<\/span><\/p>\t\t\t\t\t\t\t\t<\/div>\n\t\t\t\t<\/div>\n\t\t\t\t\t<\/div>\n\t\t<\/div>\n\t\t\t\t<div class=\"elementor-column elementor-col-33 elementor-inner-column elementor-element elementor-element-3796ec2\" data-id=\"3796ec2\" data-element_type=\"column\">\n\t\t\t<div class=\"elementor-widget-wrap elementor-element-populated\">\n\t\t\t\t\t\t<div class=\"elementor-element elementor-element-b31b2a6 elementor-widget elementor-widget-image\" data-id=\"b31b2a6\" data-element_type=\"widget\" data-widget_type=\"image.default\">\n\t\t\t\t<div class=\"elementor-widget-container\">\n\t\t\t\t\t\t\t\t\t\t\t\t\t\t\t<img loading=\"lazy\" decoding=\"async\" width=\"800\" height=\"398\" src=\"https:\/\/www.personalresults.fi\/wp-content\/uploads\/2020\/11\/pexels-bongkarn-thanyakij-3734632.jpg\" class=\"attachment-large size-large wp-image-271\" alt=\"\" \/>\t\t\t\t\t\t\t\t\t\t\t\t\t\t\t<\/div>\n\t\t\t\t<\/div>\n\t\t\t\t<div class=\"elementor-element elementor-element-718df3e elementor-widget elementor-widget-heading\" data-id=\"718df3e\" data-element_type=\"widget\" data-widget_type=\"heading.default\">\n\t\t\t\t<div class=\"elementor-widget-container\">\n\t\t\t\t\t<h2 class=\"elementor-heading-title elementor-size-default\">TOIMINTATAPA\n<\/h2>\t\t\t\t<\/div>\n\t\t\t\t<\/div>\n\t\t\t\t<div class=\"elementor-element elementor-element-8f3caa9 elementor-widget elementor-widget-text-editor\" data-id=\"8f3caa9\" data-element_type=\"widget\" data-widget_type=\"text-editor.default\">\n\t\t\t\t<div class=\"elementor-widget-container\">\n\t\t\t\t\t\t\t\t\t<p class=\"font_8\"><span class=\"color_15\"><strong>1. Alkuvalmistelut<\/strong><br \/>Puramme asiakkaan kanssa yrityksen tuottavuuden osatekij\u00f6idens\u00e4 tuloksi.<br \/><br \/><strong>2. Asiat n\u00e4kyviksi<\/strong><br \/>Teemme tuottavuuden osatekij\u00e4t esimiehille ja alaisille n\u00e4kyviksi, ymm\u00e4rrett\u00e4viksi ja johdettaviksi verkkosovelluksen avulla.<\/span><\/p><p class=\"font_8\"><span class=\"color_15\">Keskitymme seuraaviin osa-alueisiin:<\/span><\/p><ul class=\"font_8\"><li><p class=\"font_8\">Strategiseen johtamiseen<\/p><\/li><li><p class=\"font_8\"><span class=\"color_15\">Operatiiviseen johtamiseen<\/span><\/p><\/li><li><p class=\"font_8\"><span class=\"color_15\">Kehitt\u00e4miseen ja osaamiseen<\/span><\/p><\/li><li><p class=\"font_8\"><span class=\"color_15\">Henkil\u00f6st\u00f6n Hyvinvointiin<\/span><\/p><\/li><\/ul><p class=\"font_8\"><br \/><span class=\"color_15\"><strong>3. Ymm\u00e4rryksen kehitt\u00e4minen<\/strong><br \/>Valmennamme prosessiin osallistuvat ymm\u00e4rt\u00e4m\u00e4\u00e4n inhimillisen vuorovaikutuksen ja ihmisten hyvinvoinnin merkityksen tuottavuudelle.<br \/><br \/><strong>4. Johtaminen<\/strong><br \/>Tarjoamme valmiit johtamisalustat vuorovaikutuksen edist\u00e4miseksi organisaation kaikilla tasoilla.<\/span><\/p>\t\t\t\t\t\t\t\t<\/div>\n\t\t\t\t<\/div>\n\t\t\t\t\t<\/div>\n\t\t<\/div>\n\t\t\t\t\t<\/div>\n\t\t<\/section>\n\t\t\t\t\t<\/div>\n\t\t<\/div>\n\t\t\t\t\t<\/div>\n\t\t<\/section>\n\t\t\t\t<\/div>\n\t\t","protected":false},"excerpt":{"rendered":"<p>Personal Results Oy TEHOKKUUTTA HYVINVOINNIN JA TULOKSELLISUUDEN KARTOITUKSEEN TY\u00d6SS\u00c4JAKSAMISTA JA TUOTTAVUUTTA PRO-ohjelmistomme Tarjoamme tehokkaan johtamisen ja henkil\u00f6st\u00f6n hyvinvoinnin yhdist\u00e4v\u00e4n ohjelmiston, jolla on helppo kehitt\u00e4\u00e4 koko organisaation toimintaa. PRO-ohjelmistomme avulla yhdist\u00e4t sujuvasti henkil\u00f6st\u00f6n kehityskeskustelut, strategian muuttamisen tuloksiksi sek\u00e4 henkil\u00f6st\u00f6n sitouttamisen. Ohjelmiston lis\u00e4ksi ja tueksi tarjoamme konkreettista kehitt\u00e4mispalvelua, jonka tuloksena yhteis\u00f6n toiminta tehostuu ja tavoitteisiin sitoutuminen lis\u00e4\u00e4ntyy. [&hellip;]<\/p>\n","protected":false},"author":1,"featured_media":0,"parent":0,"menu_order":0,"comment_status":"closed","ping_status":"closed","template":"elementor_header_footer","meta":{"footnotes":""},"class_list":["post-7","page","type-page","status-publish","hentry"],"_links":{"self":[{"href":"https:\/\/www.personalresults.fi\/index.php\/wp-json\/wp\/v2\/pages\/7","targetHints":{"allow":["GET"]}}],"collection":[{"href":"https:\/\/www.personalresults.fi\/index.php\/wp-json\/wp\/v2\/pages"}],"about":[{"href":"https:\/\/www.personalresults.fi\/index.php\/wp-json\/wp\/v2\/types\/page"}],"author":[{"embeddable":true,"href":"https:\/\/www.personalresults.fi\/index.php\/wp-json\/wp\/v2\/users\/1"}],"replies":[{"embeddable":true,"href":"https:\/\/www.personalresults.fi\/index.php\/wp-json\/wp\/v2\/comments?post=7"}],"version-history":[{"count":49,"href":"https:\/\/www.personalresults.fi\/index.php\/wp-json\/wp\/v2\/pages\/7\/revisions"}],"predecessor-version":[{"id":300,"href":"https:\/\/www.personalresults.fi\/index.php\/wp-json\/wp\/v2\/pages\/7\/revisions\/300"}],"wp:attachment":[{"href":"https:\/\/www.personalresults.fi\/index.php\/wp-json\/wp\/v2\/media?parent=7"}],"curies":[{"name":"wp","href":"https:\/\/api.w.org\/{rel}","templated":true}]}}